{"id":99,"date":"2022-07-06T14:36:32","date_gmt":"2022-07-06T14:36:32","guid":{"rendered":"http:\/\/athleticclubraedersheim.fr\/?page_id=99"},"modified":"2024-02-28T08:55:37","modified_gmt":"2024-02-28T08:55:37","slug":"competitions","status":"publish","type":"page","link":"https:\/\/www.athleticclubraedersheim.fr\/?page_id=99","title":{"rendered":"Comp\u00e9titions"},"content":{"rendered":"\t\t<div data-elementor-type=\"wp-page\" data-elementor-id=\"99\" class=\"elementor elementor-99\">\n\t\t\t\t\t\t<section class=\"elementor-section elementor-top-section elementor-element elementor-element-467eb4c elementor-section-boxed elementor-section-height-default elementor-section-height-default\" data-id=\"467eb4c\" data-element_type=\"section\" data-e-type=\"section\">\n\t\t\t\t\t\t<div class=\"elementor-container elementor-column-gap-default\">\n\t\t\t\t\t<div class=\"elementor-column elementor-col-100 elementor-top-column elementor-element elementor-element-ecd705e\" data-id=\"ecd705e\" data-element_type=\"column\" data-e-type=\"column\">\n\t\t\t<div class=\"elementor-widget-wrap elementor-element-populated\">\n\t\t\t\t\t\t<div class=\"elementor-element elementor-element-01c620c elementor-widget elementor-widget-heading\" data-id=\"01c620c\" data-element_type=\"widget\" data-e-type=\"widget\" data-widget_type=\"heading.default\">\n\t\t\t\t<div class=\"elementor-widget-container\">\n\t\t\t\t\t<h2 class=\"elementor-heading-title elementor-size-default\">Planning des comp\u00e9titions<\/h2>\t\t\t\t<\/div>\n\t\t\t\t<\/div>\n\t\t\t\t<div class=\"elementor-element elementor-element-4092e77 elementor-widget elementor-widget-text-editor\" data-id=\"4092e77\" data-element_type=\"widget\" data-e-type=\"widget\" data-widget_type=\"text-editor.default\">\n\t\t\t\t<div class=\"elementor-widget-container\">\n\t\t\t\t\t\t\t\t\t<p><em>(Derni\u00e8re mise \u00e0 jour : le mercredi 28 f\u00e9vrier 2024)<\/em><\/p>\t\t\t\t\t\t\t\t<\/div>\n\t\t\t\t<\/div>\n\t\t\t\t\t<\/div>\n\t\t<\/div>\n\t\t\t\t\t<\/div>\n\t\t<\/section>\n\t\t\t\t<section class=\"elementor-section elementor-top-section elementor-element elementor-element-373248d elementor-section-boxed elementor-section-height-default elementor-section-height-default\" data-id=\"373248d\" data-element_type=\"section\" data-e-type=\"section\">\n\t\t\t\t\t\t<div class=\"elementor-container elementor-column-gap-default\">\n\t\t\t\t\t<div class=\"elementor-column elementor-col-33 elementor-top-column elementor-element elementor-element-195a5ee\" data-id=\"195a5ee\" data-element_type=\"column\" data-e-type=\"column\">\n\t\t\t<div class=\"elementor-widget-wrap elementor-element-populated\">\n\t\t\t\t\t\t<div class=\"elementor-element elementor-element-f0f6b36 elementor-widget elementor-widget-spacer\" data-id=\"f0f6b36\" data-element_type=\"widget\" data-e-type=\"widget\" data-widget_type=\"spacer.default\">\n\t\t\t\t<div class=\"elementor-widget-container\">\n\t\t\t\t\t\t\t<div class=\"elementor-spacer\">\n\t\t\t<div class=\"elementor-spacer-inner\"><\/div>\n\t\t<\/div>\n\t\t\t\t\t\t<\/div>\n\t\t\t\t<\/div>\n\t\t\t\t<div class=\"elementor-element elementor-element-8967af4 elementor-align-center elementor-widget elementor-widget-button\" data-id=\"8967af4\" data-element_type=\"widget\" data-e-type=\"widget\" data-widget_type=\"button.default\">\n\t\t\t\t<div class=\"elementor-widget-container\">\n\t\t\t\t\t\t\t\t\t<div class=\"elementor-button-wrapper\">\n\t\t\t\t\t<a class=\"elementor-button elementor-size-md\" role=\"button\">\n\t\t\t\t\t\t<span class=\"elementor-button-content-wrapper\">\n\t\t\t\t\t\t\t\t\t<span class=\"elementor-button-text\">SEPTEMBRE 2023<\/span>\n\t\t\t\t\t<\/span>\n\t\t\t\t\t<\/a>\n\t\t\t\t<\/div>\n\t\t\t\t\t\t\t\t<\/div>\n\t\t\t\t<\/div>\n\t\t\t\t<div class=\"elementor-element elementor-element-dbeda0d elementor-align-center elementor-widget elementor-widget-button\" data-id=\"dbeda0d\" data-element_type=\"widget\" data-e-type=\"widget\" data-widget_type=\"button.default\">\n\t\t\t\t<div class=\"elementor-widget-container\">\n\t\t\t\t\t\t\t\t\t<div class=\"elementor-button-wrapper\">\n\t\t\t\t\t<a class=\"elementor-button elementor-size-md\" role=\"button\">\n\t\t\t\t\t\t<span class=\"elementor-button-content-wrapper\">\n\t\t\t\t\t\t\t\t\t<span class=\"elementor-button-text\">DECEMBRE 2023<\/span>\n\t\t\t\t\t<\/span>\n\t\t\t\t\t<\/a>\n\t\t\t\t<\/div>\n\t\t\t\t\t\t\t\t<\/div>\n\t\t\t\t<\/div>\n\t\t\t\t<div class=\"elementor-element elementor-element-510124a elementor-align-center elementor-widget elementor-widget-button\" data-id=\"510124a\" data-element_type=\"widget\" data-e-type=\"widget\" data-widget_type=\"button.default\">\n\t\t\t\t<div class=\"elementor-widget-container\">\n\t\t\t\t\t\t\t\t\t<div class=\"elementor-button-wrapper\">\n\t\t\t\t\t<a class=\"elementor-button elementor-size-md\" role=\"button\">\n\t\t\t\t\t\t<span class=\"elementor-button-content-wrapper\">\n\t\t\t\t\t\t\t\t\t<span class=\"elementor-button-text\">MARS 2024<\/span>\n\t\t\t\t\t<\/span>\n\t\t\t\t\t<\/a>\n\t\t\t\t<\/div>\n\t\t\t\t\t\t\t\t<\/div>\n\t\t\t\t<\/div>\n\t\t\t\t<div class=\"elementor-element elementor-element-f7df2d7 elementor-align-center elementor-widget elementor-widget-button\" data-id=\"f7df2d7\" data-element_type=\"widget\" data-e-type=\"widget\" data-widget_type=\"button.default\">\n\t\t\t\t<div class=\"elementor-widget-container\">\n\t\t\t\t\t\t\t\t\t<div class=\"elementor-button-wrapper\">\n\t\t\t\t\t<a class=\"elementor-button elementor-size-md\" role=\"button\">\n\t\t\t\t\t\t<span class=\"elementor-button-content-wrapper\">\n\t\t\t\t\t\t\t\t\t<span class=\"elementor-button-text\">JUIN 2024<\/span>\n\t\t\t\t\t<\/span>\n\t\t\t\t\t<\/a>\n\t\t\t\t<\/div>\n\t\t\t\t\t\t\t\t<\/div>\n\t\t\t\t<\/div>\n\t\t\t\t<div class=\"elementor-element elementor-element-986ec18 elementor-widget elementor-widget-spacer\" data-id=\"986ec18\" data-element_type=\"widget\" data-e-type=\"widget\" data-widget_type=\"spacer.default\">\n\t\t\t\t<div class=\"elementor-widget-container\">\n\t\t\t\t\t\t\t<div class=\"elementor-spacer\">\n\t\t\t<div class=\"elementor-spacer-inner\"><\/div>\n\t\t<\/div>\n\t\t\t\t\t\t<\/div>\n\t\t\t\t<\/div>\n\t\t\t\t\t<\/div>\n\t\t<\/div>\n\t\t\t\t<div class=\"elementor-column elementor-col-33 elementor-top-column elementor-element elementor-element-8d28c90\" data-id=\"8d28c90\" data-element_type=\"column\" data-e-type=\"column\">\n\t\t\t<div class=\"elementor-widget-wrap elementor-element-populated\">\n\t\t\t\t\t\t<div class=\"elementor-element elementor-element-1d3606a elementor-widget elementor-widget-spacer\" data-id=\"1d3606a\" data-element_type=\"widget\" data-e-type=\"widget\" data-widget_type=\"spacer.default\">\n\t\t\t\t<div class=\"elementor-widget-container\">\n\t\t\t\t\t\t\t<div class=\"elementor-spacer\">\n\t\t\t<div class=\"elementor-spacer-inner\"><\/div>\n\t\t<\/div>\n\t\t\t\t\t\t<\/div>\n\t\t\t\t<\/div>\n\t\t\t\t<div class=\"elementor-element elementor-element-a43b631 elementor-align-center elementor-widget elementor-widget-button\" data-id=\"a43b631\" data-element_type=\"widget\" data-e-type=\"widget\" data-widget_type=\"button.default\">\n\t\t\t\t<div class=\"elementor-widget-container\">\n\t\t\t\t\t\t\t\t\t<div class=\"elementor-button-wrapper\">\n\t\t\t\t\t<a class=\"elementor-button elementor-size-md\" role=\"button\">\n\t\t\t\t\t\t<span class=\"elementor-button-content-wrapper\">\n\t\t\t\t\t\t\t\t\t<span class=\"elementor-button-text\">OCTOBRE 2023<\/span>\n\t\t\t\t\t<\/span>\n\t\t\t\t\t<\/a>\n\t\t\t\t<\/div>\n\t\t\t\t\t\t\t\t<\/div>\n\t\t\t\t<\/div>\n\t\t\t\t<div class=\"elementor-element elementor-element-be18d22 elementor-align-center elementor-widget elementor-widget-button\" data-id=\"be18d22\" data-element_type=\"widget\" data-e-type=\"widget\" data-widget_type=\"button.default\">\n\t\t\t\t<div class=\"elementor-widget-container\">\n\t\t\t\t\t\t\t\t\t<div class=\"elementor-button-wrapper\">\n\t\t\t\t\t<a class=\"elementor-button elementor-size-md\" role=\"button\">\n\t\t\t\t\t\t<span class=\"elementor-button-content-wrapper\">\n\t\t\t\t\t\t\t\t\t<span class=\"elementor-button-text\">JANVIER 2024<\/span>\n\t\t\t\t\t<\/span>\n\t\t\t\t\t<\/a>\n\t\t\t\t<\/div>\n\t\t\t\t\t\t\t\t<\/div>\n\t\t\t\t<\/div>\n\t\t\t\t<div class=\"elementor-element elementor-element-4a44b63 elementor-align-center elementor-widget elementor-widget-button\" data-id=\"4a44b63\" data-element_type=\"widget\" data-e-type=\"widget\" data-widget_type=\"button.default\">\n\t\t\t\t<div class=\"elementor-widget-container\">\n\t\t\t\t\t\t\t\t\t<div class=\"elementor-button-wrapper\">\n\t\t\t\t\t<a class=\"elementor-button elementor-size-md\" role=\"button\">\n\t\t\t\t\t\t<span class=\"elementor-button-content-wrapper\">\n\t\t\t\t\t\t\t\t\t<span class=\"elementor-button-text\">AVRIL 2024<\/span>\n\t\t\t\t\t<\/span>\n\t\t\t\t\t<\/a>\n\t\t\t\t<\/div>\n\t\t\t\t\t\t\t\t<\/div>\n\t\t\t\t<\/div>\n\t\t\t\t<div class=\"elementor-element elementor-element-db14a65 elementor-align-center elementor-widget elementor-widget-button\" data-id=\"db14a65\" data-element_type=\"widget\" data-e-type=\"widget\" data-widget_type=\"button.default\">\n\t\t\t\t<div class=\"elementor-widget-container\">\n\t\t\t\t\t\t\t\t\t<div class=\"elementor-button-wrapper\">\n\t\t\t\t\t<a class=\"elementor-button elementor-button-link elementor-size-md\" href=\"https:\/\/www.athleticclubraedersheim.fr\/wp-content\/uploads\/2023\/02\/COMPETITIONS-ACR-juillet.pdf\" target=\"_blank\">\n\t\t\t\t\t\t<span class=\"elementor-button-content-wrapper\">\n\t\t\t\t\t\t\t\t\t<span class=\"elementor-button-text\">JUILLET 2024<\/span>\n\t\t\t\t\t<\/span>\n\t\t\t\t\t<\/a>\n\t\t\t\t<\/div>\n\t\t\t\t\t\t\t\t<\/div>\n\t\t\t\t<\/div>\n\t\t\t\t<div class=\"elementor-element elementor-element-3e14c03 elementor-widget elementor-widget-spacer\" data-id=\"3e14c03\" data-element_type=\"widget\" data-e-type=\"widget\" data-widget_type=\"spacer.default\">\n\t\t\t\t<div class=\"elementor-widget-container\">\n\t\t\t\t\t\t\t<div class=\"elementor-spacer\">\n\t\t\t<div class=\"elementor-spacer-inner\"><\/div>\n\t\t<\/div>\n\t\t\t\t\t\t<\/div>\n\t\t\t\t<\/div>\n\t\t\t\t\t<\/div>\n\t\t<\/div>\n\t\t\t\t<div class=\"elementor-column elementor-col-33 elementor-top-column elementor-element elementor-element-e75c789\" data-id=\"e75c789\" data-element_type=\"column\" data-e-type=\"column\">\n\t\t\t<div class=\"elementor-widget-wrap elementor-element-populated\">\n\t\t\t\t\t\t<div class=\"elementor-element elementor-element-a0dfbd5 elementor-widget elementor-widget-spacer\" data-id=\"a0dfbd5\" data-element_type=\"widget\" data-e-type=\"widget\" data-widget_type=\"spacer.default\">\n\t\t\t\t<div class=\"elementor-widget-container\">\n\t\t\t\t\t\t\t<div class=\"elementor-spacer\">\n\t\t\t<div class=\"elementor-spacer-inner\"><\/div>\n\t\t<\/div>\n\t\t\t\t\t\t<\/div>\n\t\t\t\t<\/div>\n\t\t\t\t<div class=\"elementor-element elementor-element-5765eab elementor-align-center elementor-widget elementor-widget-button\" data-id=\"5765eab\" data-element_type=\"widget\" data-e-type=\"widget\" data-widget_type=\"button.default\">\n\t\t\t\t<div class=\"elementor-widget-container\">\n\t\t\t\t\t\t\t\t\t<div class=\"elementor-button-wrapper\">\n\t\t\t\t\t<a class=\"elementor-button elementor-size-md\" role=\"button\">\n\t\t\t\t\t\t<span class=\"elementor-button-content-wrapper\">\n\t\t\t\t\t\t\t\t\t<span class=\"elementor-button-text\">NOVEMBRE 2023<\/span>\n\t\t\t\t\t<\/span>\n\t\t\t\t\t<\/a>\n\t\t\t\t<\/div>\n\t\t\t\t\t\t\t\t<\/div>\n\t\t\t\t<\/div>\n\t\t\t\t<div class=\"elementor-element elementor-element-90c47e4 elementor-align-center elementor-widget elementor-widget-button\" data-id=\"90c47e4\" data-element_type=\"widget\" data-e-type=\"widget\" data-widget_type=\"button.default\">\n\t\t\t\t<div class=\"elementor-widget-container\">\n\t\t\t\t\t\t\t\t\t<div class=\"elementor-button-wrapper\">\n\t\t\t\t\t<a class=\"elementor-button elementor-size-md\" role=\"button\">\n\t\t\t\t\t\t<span class=\"elementor-button-content-wrapper\">\n\t\t\t\t\t\t\t\t\t<span class=\"elementor-button-text\">FEVRIER 2024<\/span>\n\t\t\t\t\t<\/span>\n\t\t\t\t\t<\/a>\n\t\t\t\t<\/div>\n\t\t\t\t\t\t\t\t<\/div>\n\t\t\t\t<\/div>\n\t\t\t\t<div class=\"elementor-element elementor-element-c530d80 elementor-align-center elementor-widget elementor-widget-button\" data-id=\"c530d80\" data-element_type=\"widget\" data-e-type=\"widget\" data-widget_type=\"button.default\">\n\t\t\t\t<div class=\"elementor-widget-container\">\n\t\t\t\t\t\t\t\t\t<div class=\"elementor-button-wrapper\">\n\t\t\t\t\t<a class=\"elementor-button elementor-size-md\" role=\"button\">\n\t\t\t\t\t\t<span class=\"elementor-button-content-wrapper\">\n\t\t\t\t\t\t\t\t\t<span class=\"elementor-button-text\">MAI 2024<\/span>\n\t\t\t\t\t<\/span>\n\t\t\t\t\t<\/a>\n\t\t\t\t<\/div>\n\t\t\t\t\t\t\t\t<\/div>\n\t\t\t\t<\/div>\n\t\t\t\t<div class=\"elementor-element elementor-element-dfc12f1 elementor-align-center elementor-widget elementor-widget-button\" data-id=\"dfc12f1\" data-element_type=\"widget\" data-e-type=\"widget\" data-widget_type=\"button.default\">\n\t\t\t\t<div class=\"elementor-widget-container\">\n\t\t\t\t\t\t\t\t\t<div class=\"elementor-button-wrapper\">\n\t\t\t\t\t<a class=\"elementor-button elementor-size-md\" role=\"button\">\n\t\t\t\t\t\t<span class=\"elementor-button-content-wrapper\">\n\t\t\t\t\t\t\t\t\t<span class=\"elementor-button-text\">AOUT 2024<\/span>\n\t\t\t\t\t<\/span>\n\t\t\t\t\t<\/a>\n\t\t\t\t<\/div>\n\t\t\t\t\t\t\t\t<\/div>\n\t\t\t\t<\/div>\n\t\t\t\t<div class=\"elementor-element elementor-element-9d0167d elementor-widget elementor-widget-spacer\" data-id=\"9d0167d\" data-element_type=\"widget\" data-e-type=\"widget\" data-widget_type=\"spacer.default\">\n\t\t\t\t<div class=\"elementor-widget-container\">\n\t\t\t\t\t\t\t<div class=\"elementor-spacer\">\n\t\t\t<div class=\"elementor-spacer-inner\"><\/div>\n\t\t<\/div>\n\t\t\t\t\t\t<\/div>\n\t\t\t\t<\/div>\n\t\t\t\t\t<\/div>\n\t\t<\/div>\n\t\t\t\t\t<\/div>\n\t\t<\/section>\n\t\t\t\t<\/div>\n\t\t","protected":false},"excerpt":{"rendered":"<p>Planning des comp\u00e9titions (Derni\u00e8re mise \u00e0 jour : le mercredi 28 f\u00e9vrier 2024) SEPTEMBRE 2023 DECEMBRE 2023 MARS 2024 JUIN 2024 OCTOBRE 2023 JANVIER 2024 AVRIL 2024 JUILLET 2024 NOVEMBRE 2023 FEVRIER 2024 MAI 2024 AOUT 2024<\/p>\n","protected":false},"author":1,"featured_media":514,"parent":51,"menu_order":0,"comment_status":"closed","ping_status":"closed","template":"elementor_theme","meta":{"footnotes":""},"class_list":["post-99","page","type-page","status-publish","has-post-thumbnail","hentry"],"yoast_head":"<!-- This site is optimized with the Yoast SEO plugin v27.5 - https:\/\/yoast.com\/product\/yoast-seo-wordpress\/ -->\n<title>Comp\u00e9titions - Athletic Club Raedersheim<\/title>\n<meta name=\"description\" content=\"D\u00e9couvrez et t\u00e9l\u00e9chargez le calendrier des comp\u00e9titions d&#039;athl\u00e9tisme de Raedersheim.\" \/>\n<meta name=\"robots\" content=\"index, follow, max-snippet:-1, max-image-preview:large, max-video-preview:-1\" \/>\n<link rel=\"canonical\" href=\"https:\/\/www.athleticclubraedersheim.fr\/?page_id=99\" \/>\n<meta property=\"og:locale\" content=\"fr_FR\" \/>\n<meta property=\"og:type\" content=\"article\" \/>\n<meta property=\"og:title\" content=\"Comp\u00e9titions - Athletic Club Raedersheim\" \/>\n<meta property=\"og:description\" content=\"D\u00e9couvrez et t\u00e9l\u00e9chargez le calendrier des comp\u00e9titions d&#039;athl\u00e9tisme de Raedersheim.\" \/>\n<meta property=\"og:url\" content=\"https:\/\/www.athleticclubraedersheim.fr\/?page_id=99\" \/>\n<meta property=\"og:site_name\" content=\"Athletic Club Raedersheim\" \/>\n<meta property=\"article:publisher\" content=\"https:\/\/www.facebook.com\/Athltic-Club-de-Raedersheim-ACR-336128767112821\/\" \/>\n<meta property=\"article:modified_time\" content=\"2024-02-28T08:55:37+00:00\" \/>\n<meta property=\"og:image\" content=\"https:\/\/www.athleticclubraedersheim.fr\/wp-content\/uploads\/2022\/08\/20220129_153754_002_saved-scaled.jpg\" \/>\n\t<meta property=\"og:image:width\" content=\"2560\" \/>\n\t<meta property=\"og:image:height\" content=\"1562\" \/>\n\t<meta property=\"og:image:type\" content=\"image\/jpeg\" \/>\n<meta name=\"twitter:card\" content=\"summary_large_image\" \/>\n<meta name=\"twitter:label1\" content=\"Dur\u00e9e de lecture estim\u00e9e\" \/>\n\t<meta name=\"twitter:data1\" content=\"1 minute\" \/>\n<script type=\"application\/ld+json\" class=\"yoast-schema-graph\">{\"@context\":\"https:\\\/\\\/schema.org\",\"@graph\":[{\"@type\":\"WebPage\",\"@id\":\"https:\\\/\\\/www.athleticclubraedersheim.fr\\\/?page_id=99\",\"url\":\"https:\\\/\\\/www.athleticclubraedersheim.fr\\\/?page_id=99\",\"name\":\"Comp\u00e9titions - Athletic Club Raedersheim\",\"isPartOf\":{\"@id\":\"https:\\\/\\\/www.athleticclubraedersheim.fr\\\/#website\"},\"primaryImageOfPage\":{\"@id\":\"https:\\\/\\\/www.athleticclubraedersheim.fr\\\/?page_id=99#primaryimage\"},\"image\":{\"@id\":\"https:\\\/\\\/www.athleticclubraedersheim.fr\\\/?page_id=99#primaryimage\"},\"thumbnailUrl\":\"https:\\\/\\\/www.athleticclubraedersheim.fr\\\/wp-content\\\/uploads\\\/2022\\\/08\\\/20220129_153754_002_saved-scaled.jpg\",\"datePublished\":\"2022-07-06T14:36:32+00:00\",\"dateModified\":\"2024-02-28T08:55:37+00:00\",\"description\":\"D\u00e9couvrez et t\u00e9l\u00e9chargez le calendrier des comp\u00e9titions d'athl\u00e9tisme de Raedersheim.\",\"breadcrumb\":{\"@id\":\"https:\\\/\\\/www.athleticclubraedersheim.fr\\\/?page_id=99#breadcrumb\"},\"inLanguage\":\"fr-FR\",\"potentialAction\":[{\"@type\":\"ReadAction\",\"target\":[\"https:\\\/\\\/www.athleticclubraedersheim.fr\\\/?page_id=99\"]}]},{\"@type\":\"ImageObject\",\"inLanguage\":\"fr-FR\",\"@id\":\"https:\\\/\\\/www.athleticclubraedersheim.fr\\\/?page_id=99#primaryimage\",\"url\":\"https:\\\/\\\/www.athleticclubraedersheim.fr\\\/wp-content\\\/uploads\\\/2022\\\/08\\\/20220129_153754_002_saved-scaled.jpg\",\"contentUrl\":\"https:\\\/\\\/www.athleticclubraedersheim.fr\\\/wp-content\\\/uploads\\\/2022\\\/08\\\/20220129_153754_002_saved-scaled.jpg\",\"width\":2560,\"height\":1562,\"caption\":\"comp\u00e9tions d'athl\u00e9tisme en salle\"},{\"@type\":\"BreadcrumbList\",\"@id\":\"https:\\\/\\\/www.athleticclubraedersheim.fr\\\/?page_id=99#breadcrumb\",\"itemListElement\":[{\"@type\":\"ListItem\",\"position\":1,\"name\":\"Accueil\",\"item\":\"https:\\\/\\\/www.athleticclubraedersheim.fr\\\/\"},{\"@type\":\"ListItem\",\"position\":2,\"name\":\"Entra\u00eenements\",\"item\":\"https:\\\/\\\/www.athleticclubraedersheim.fr\\\/?page_id=51\"},{\"@type\":\"ListItem\",\"position\":3,\"name\":\"Comp\u00e9titions\"}]},{\"@type\":\"WebSite\",\"@id\":\"https:\\\/\\\/www.athleticclubraedersheim.fr\\\/#website\",\"url\":\"https:\\\/\\\/www.athleticclubraedersheim.fr\\\/\",\"name\":\"Athletic Club Raedersheim\",\"description\":\"AC Raedersheim \",\"publisher\":{\"@id\":\"https:\\\/\\\/www.athleticclubraedersheim.fr\\\/#organization\"},\"potentialAction\":[{\"@type\":\"SearchAction\",\"target\":{\"@type\":\"EntryPoint\",\"urlTemplate\":\"https:\\\/\\\/www.athleticclubraedersheim.fr\\\/?s={search_term_string}\"},\"query-input\":{\"@type\":\"PropertyValueSpecification\",\"valueRequired\":true,\"valueName\":\"search_term_string\"}}],\"inLanguage\":\"fr-FR\"},{\"@type\":\"Organization\",\"@id\":\"https:\\\/\\\/www.athleticclubraedersheim.fr\\\/#organization\",\"name\":\"ACR\",\"url\":\"https:\\\/\\\/www.athleticclubraedersheim.fr\\\/\",\"logo\":{\"@type\":\"ImageObject\",\"inLanguage\":\"fr-FR\",\"@id\":\"https:\\\/\\\/www.athleticclubraedersheim.fr\\\/#\\\/schema\\\/logo\\\/image\\\/\",\"url\":\"http:\\\/\\\/athleticclubraedersheim.fr\\\/wp-content\\\/uploads\\\/2022\\\/07\\\/telechargement-2.png\",\"contentUrl\":\"http:\\\/\\\/athleticclubraedersheim.fr\\\/wp-content\\\/uploads\\\/2022\\\/07\\\/telechargement-2.png\",\"width\":225,\"height\":225,\"caption\":\"ACR\"},\"image\":{\"@id\":\"https:\\\/\\\/www.athleticclubraedersheim.fr\\\/#\\\/schema\\\/logo\\\/image\\\/\"},\"sameAs\":[\"https:\\\/\\\/www.facebook.com\\\/Athltic-Club-de-Raedersheim-ACR-336128767112821\\\/\"]}]}<\/script>\n<!-- \/ Yoast SEO plugin. -->","yoast_head_json":{"title":"Comp\u00e9titions - Athletic Club Raedersheim","description":"D\u00e9couvrez et t\u00e9l\u00e9chargez le calendrier des comp\u00e9titions d'athl\u00e9tisme de Raedersheim.","robots":{"index":"index","follow":"follow","max-snippet":"max-snippet:-1","max-image-preview":"max-image-preview:large","max-video-preview":"max-video-preview:-1"},"canonical":"https:\/\/www.athleticclubraedersheim.fr\/?page_id=99","og_locale":"fr_FR","og_type":"article","og_title":"Comp\u00e9titions - Athletic Club Raedersheim","og_description":"D\u00e9couvrez et t\u00e9l\u00e9chargez le calendrier des comp\u00e9titions d'athl\u00e9tisme de Raedersheim.","og_url":"https:\/\/www.athleticclubraedersheim.fr\/?page_id=99","og_site_name":"Athletic Club Raedersheim","article_publisher":"https:\/\/www.facebook.com\/Athltic-Club-de-Raedersheim-ACR-336128767112821\/","article_modified_time":"2024-02-28T08:55:37+00:00","og_image":[{"width":2560,"height":1562,"url":"https:\/\/www.athleticclubraedersheim.fr\/wp-content\/uploads\/2022\/08\/20220129_153754_002_saved-scaled.jpg","type":"image\/jpeg"}],"twitter_card":"summary_large_image","twitter_misc":{"Dur\u00e9e de lecture estim\u00e9e":"1 minute"},"schema":{"@context":"https:\/\/schema.org","@graph":[{"@type":"WebPage","@id":"https:\/\/www.athleticclubraedersheim.fr\/?page_id=99","url":"https:\/\/www.athleticclubraedersheim.fr\/?page_id=99","name":"Comp\u00e9titions - Athletic Club Raedersheim","isPartOf":{"@id":"https:\/\/www.athleticclubraedersheim.fr\/#website"},"primaryImageOfPage":{"@id":"https:\/\/www.athleticclubraedersheim.fr\/?page_id=99#primaryimage"},"image":{"@id":"https:\/\/www.athleticclubraedersheim.fr\/?page_id=99#primaryimage"},"thumbnailUrl":"https:\/\/www.athleticclubraedersheim.fr\/wp-content\/uploads\/2022\/08\/20220129_153754_002_saved-scaled.jpg","datePublished":"2022-07-06T14:36:32+00:00","dateModified":"2024-02-28T08:55:37+00:00","description":"D\u00e9couvrez et t\u00e9l\u00e9chargez le calendrier des comp\u00e9titions d'athl\u00e9tisme de Raedersheim.","breadcrumb":{"@id":"https:\/\/www.athleticclubraedersheim.fr\/?page_id=99#breadcrumb"},"inLanguage":"fr-FR","potentialAction":[{"@type":"ReadAction","target":["https:\/\/www.athleticclubraedersheim.fr\/?page_id=99"]}]},{"@type":"ImageObject","inLanguage":"fr-FR","@id":"https:\/\/www.athleticclubraedersheim.fr\/?page_id=99#primaryimage","url":"https:\/\/www.athleticclubraedersheim.fr\/wp-content\/uploads\/2022\/08\/20220129_153754_002_saved-scaled.jpg","contentUrl":"https:\/\/www.athleticclubraedersheim.fr\/wp-content\/uploads\/2022\/08\/20220129_153754_002_saved-scaled.jpg","width":2560,"height":1562,"caption":"comp\u00e9tions d'athl\u00e9tisme en salle"},{"@type":"BreadcrumbList","@id":"https:\/\/www.athleticclubraedersheim.fr\/?page_id=99#breadcrumb","itemListElement":[{"@type":"ListItem","position":1,"name":"Accueil","item":"https:\/\/www.athleticclubraedersheim.fr\/"},{"@type":"ListItem","position":2,"name":"Entra\u00eenements","item":"https:\/\/www.athleticclubraedersheim.fr\/?page_id=51"},{"@type":"ListItem","position":3,"name":"Comp\u00e9titions"}]},{"@type":"WebSite","@id":"https:\/\/www.athleticclubraedersheim.fr\/#website","url":"https:\/\/www.athleticclubraedersheim.fr\/","name":"Athletic Club Raedersheim","description":"AC Raedersheim ","publisher":{"@id":"https:\/\/www.athleticclubraedersheim.fr\/#organization"},"potentialAction":[{"@type":"SearchAction","target":{"@type":"EntryPoint","urlTemplate":"https:\/\/www.athleticclubraedersheim.fr\/?s={search_term_string}"},"query-input":{"@type":"PropertyValueSpecification","valueRequired":true,"valueName":"search_term_string"}}],"inLanguage":"fr-FR"},{"@type":"Organization","@id":"https:\/\/www.athleticclubraedersheim.fr\/#organization","name":"ACR","url":"https:\/\/www.athleticclubraedersheim.fr\/","logo":{"@type":"ImageObject","inLanguage":"fr-FR","@id":"https:\/\/www.athleticclubraedersheim.fr\/#\/schema\/logo\/image\/","url":"http:\/\/athleticclubraedersheim.fr\/wp-content\/uploads\/2022\/07\/telechargement-2.png","contentUrl":"http:\/\/athleticclubraedersheim.fr\/wp-content\/uploads\/2022\/07\/telechargement-2.png","width":225,"height":225,"caption":"ACR"},"image":{"@id":"https:\/\/www.athleticclubraedersheim.fr\/#\/schema\/logo\/image\/"},"sameAs":["https:\/\/www.facebook.com\/Athltic-Club-de-Raedersheim-ACR-336128767112821\/"]}]}},"_links":{"self":[{"href":"https:\/\/www.athleticclubraedersheim.fr\/index.php?rest_route=\/wp\/v2\/pages\/99","targetHints":{"allow":["GET"]}}],"collection":[{"href":"https:\/\/www.athleticclubraedersheim.fr\/index.php?rest_route=\/wp\/v2\/pages"}],"about":[{"href":"https:\/\/www.athleticclubraedersheim.fr\/index.php?rest_route=\/wp\/v2\/types\/page"}],"author":[{"embeddable":true,"href":"https:\/\/www.athleticclubraedersheim.fr\/index.php?rest_route=\/wp\/v2\/users\/1"}],"replies":[{"embeddable":true,"href":"https:\/\/www.athleticclubraedersheim.fr\/index.php?rest_route=%2Fwp%2Fv2%2Fcomments&post=99"}],"version-history":[{"count":61,"href":"https:\/\/www.athleticclubraedersheim.fr\/index.php?rest_route=\/wp\/v2\/pages\/99\/revisions"}],"predecessor-version":[{"id":882,"href":"https:\/\/www.athleticclubraedersheim.fr\/index.php?rest_route=\/wp\/v2\/pages\/99\/revisions\/882"}],"up":[{"embeddable":true,"href":"https:\/\/www.athleticclubraedersheim.fr\/index.php?rest_route=\/wp\/v2\/pages\/51"}],"wp:featuredmedia":[{"embeddable":true,"href":"https:\/\/www.athleticclubraedersheim.fr\/index.php?rest_route=\/wp\/v2\/media\/514"}],"wp:attachment":[{"href":"https:\/\/www.athleticclubraedersheim.fr\/index.php?rest_route=%2Fwp%2Fv2%2Fmedia&parent=99"}],"curies":[{"name":"wp","href":"https:\/\/api.w.org\/{rel}","templated":true}]}}