{"id":96,"date":"2022-07-06T14:36:21","date_gmt":"2022-07-06T14:36:21","guid":{"rendered":"http:\/\/athleticclubraedersheim.fr\/?page_id=96"},"modified":"2022-09-07T16:47:45","modified_gmt":"2022-09-07T16:47:45","slug":"planning-entrainements","status":"publish","type":"page","link":"https:\/\/www.athleticclubraedersheim.fr\/?page_id=96","title":{"rendered":"Planning des entra\u00eenements"},"content":{"rendered":"\t\t<div data-elementor-type=\"wp-page\" data-elementor-id=\"96\" class=\"elementor elementor-96\">\n\t\t\t\t\t\t<section class=\"elementor-section elementor-top-section elementor-element elementor-element-8338963 elementor-section-boxed elementor-section-height-default elementor-section-height-default\" data-id=\"8338963\" data-element_type=\"section\" data-e-type=\"section\">\n\t\t\t\t\t\t<div class=\"elementor-container elementor-column-gap-default\">\n\t\t\t\t\t<div class=\"elementor-column elementor-col-100 elementor-top-column elementor-element elementor-element-327cda4\" data-id=\"327cda4\" data-element_type=\"column\" data-e-type=\"column\">\n\t\t\t<div class=\"elementor-widget-wrap elementor-element-populated\">\n\t\t\t\t\t\t<div class=\"elementor-element elementor-element-7602f0f elementor-widget elementor-widget-spacer\" data-id=\"7602f0f\" data-element_type=\"widget\" data-e-type=\"widget\" data-widget_type=\"spacer.default\">\n\t\t\t\t<div class=\"elementor-widget-container\">\n\t\t\t\t\t\t\t<div class=\"elementor-spacer\">\n\t\t\t<div class=\"elementor-spacer-inner\"><\/div>\n\t\t<\/div>\n\t\t\t\t\t\t<\/div>\n\t\t\t\t<\/div>\n\t\t\t\t<div class=\"elementor-element elementor-element-07d2636 elementor-widget elementor-widget-heading\" data-id=\"07d2636\" data-element_type=\"widget\" data-e-type=\"widget\" data-widget_type=\"heading.default\">\n\t\t\t\t<div class=\"elementor-widget-container\">\n\t\t\t\t\t<h2 class=\"elementor-heading-title elementor-size-default\">Planning des entra\u00eenements<\/h2>\t\t\t\t<\/div>\n\t\t\t\t<\/div>\n\t\t\t\t\t<\/div>\n\t\t<\/div>\n\t\t\t\t\t<\/div>\n\t\t<\/section>\n\t\t\t\t<section class=\"elementor-section elementor-top-section elementor-element elementor-element-e87f614 elementor-section-boxed elementor-section-height-default elementor-section-height-default\" data-id=\"e87f614\" data-element_type=\"section\" data-e-type=\"section\">\n\t\t\t\t\t\t<div class=\"elementor-container elementor-column-gap-default\">\n\t\t\t\t\t<div class=\"elementor-column elementor-col-100 elementor-top-column elementor-element elementor-element-fce2dbf\" data-id=\"fce2dbf\" data-element_type=\"column\" data-e-type=\"column\">\n\t\t\t<div class=\"elementor-widget-wrap elementor-element-populated\">\n\t\t\t\t\t\t<div class=\"elementor-element elementor-element-f24e41c elementor-widget elementor-widget-image\" data-id=\"f24e41c\" data-element_type=\"widget\" data-e-type=\"widget\" data-widget_type=\"image.default\">\n\t\t\t\t<div class=\"elementor-widget-container\">\n\t\t\t\t\t\t\t\t\t\t\t\t\t\t\t<img decoding=\"async\" src=\"https:\/\/www.athleticclubraedersheim.fr\/wp-content\/uploads\/2022\/09\/Planning-entrainements-ACR.jpg\" title=\"\" alt=\"planning entra\u00eenement ok\" loading=\"lazy\" \/>\t\t\t\t\t\t\t\t\t\t\t\t\t\t\t<\/div>\n\t\t\t\t<\/div>\n\t\t\t\t<div class=\"elementor-element elementor-element-6400395 elementor-align-center elementor-widget elementor-widget-button\" data-id=\"6400395\" data-element_type=\"widget\" data-e-type=\"widget\" data-widget_type=\"button.default\">\n\t\t\t\t<div class=\"elementor-widget-container\">\n\t\t\t\t\t\t\t\t\t<div class=\"elementor-button-wrapper\">\n\t\t\t\t\t<a class=\"elementor-button elementor-button-link elementor-size-md\" href=\"https:\/\/www.athleticclubraedersheim.fr\/wp-content\/uploads\/2022\/09\/Planning-entrainements-ACR.pdf\" target=\"_blank\">\n\t\t\t\t\t\t<span class=\"elementor-button-content-wrapper\">\n\t\t\t\t\t\t\t\t\t<span class=\"elementor-button-text\">T\u00e9l\u00e9charger le planning<\/span>\n\t\t\t\t\t<\/span>\n\t\t\t\t\t<\/a>\n\t\t\t\t<\/div>\n\t\t\t\t\t\t\t\t<\/div>\n\t\t\t\t<\/div>\n\t\t\t\t<div class=\"elementor-element elementor-element-3253b35 elementor-widget elementor-widget-spacer\" data-id=\"3253b35\" data-element_type=\"widget\" data-e-type=\"widget\" data-widget_type=\"spacer.default\">\n\t\t\t\t<div class=\"elementor-widget-container\">\n\t\t\t\t\t\t\t<div class=\"elementor-spacer\">\n\t\t\t<div class=\"elementor-spacer-inner\"><\/div>\n\t\t<\/div>\n\t\t\t\t\t\t<\/div>\n\t\t\t\t<\/div>\n\t\t\t\t\t<\/div>\n\t\t<\/div>\n\t\t\t\t\t<\/div>\n\t\t<\/section>\n\t\t\t\t<section class=\"elementor-section elementor-top-section elementor-element elementor-element-95b10eb elementor-section-boxed elementor-section-height-default elementor-section-height-default\" data-id=\"95b10eb\" data-element_type=\"section\" data-e-type=\"section\">\n\t\t\t\t\t\t<div class=\"elementor-container elementor-column-gap-default\">\n\t\t\t\t\t<div class=\"elementor-column elementor-col-100 elementor-top-column elementor-element elementor-element-5b1a65d\" data-id=\"5b1a65d\" data-element_type=\"column\" data-e-type=\"column\">\n\t\t\t<div class=\"elementor-widget-wrap\">\n\t\t\t\t\t\t\t<\/div>\n\t\t<\/div>\n\t\t\t\t\t<\/div>\n\t\t<\/section>\n\t\t\t\t<\/div>\n\t\t","protected":false},"excerpt":{"rendered":"<p>Planning des entra\u00eenements T\u00e9l\u00e9charger le planning<\/p>\n","protected":false},"author":1,"featured_media":314,"parent":51,"menu_order":0,"comment_status":"closed","ping_status":"closed","template":"page-templates\/template-fullwidth.php","meta":{"footnotes":""},"class_list":["post-96","page","type-page","status-publish","has-post-thumbnail","hentry"],"yoast_head":"<!-- This site is optimized with the Yoast SEO plugin v27.5 - https:\/\/yoast.com\/product\/yoast-seo-wordpress\/ -->\n<title>Planning des entra\u00eenements - Athletic Club Raedersheim<\/title>\n<meta name=\"description\" content=\"D\u00e9couvrez et t\u00e9l\u00e9chargez le planning des entrainements de l&#039;athletic Club de Raedersheim du lundi au samedi (sur demande)\" \/>\n<meta name=\"robots\" content=\"index, follow, max-snippet:-1, max-image-preview:large, max-video-preview:-1\" \/>\n<link rel=\"canonical\" href=\"https:\/\/www.athleticclubraedersheim.fr\/?page_id=96\" \/>\n<meta property=\"og:locale\" content=\"fr_FR\" \/>\n<meta property=\"og:type\" content=\"article\" \/>\n<meta property=\"og:title\" content=\"Planning des entra\u00eenements - Athletic Club Raedersheim\" \/>\n<meta property=\"og:description\" content=\"D\u00e9couvrez et t\u00e9l\u00e9chargez le planning des entrainements de l&#039;athletic Club de Raedersheim du lundi au samedi (sur demande)\" \/>\n<meta property=\"og:url\" content=\"https:\/\/www.athleticclubraedersheim.fr\/?page_id=96\" \/>\n<meta property=\"og:site_name\" content=\"Athletic Club Raedersheim\" \/>\n<meta property=\"article:publisher\" content=\"https:\/\/www.facebook.com\/Athltic-Club-de-Raedersheim-ACR-336128767112821\/\" \/>\n<meta property=\"article:modified_time\" content=\"2022-09-07T16:47:45+00:00\" \/>\n<meta property=\"og:image\" content=\"https:\/\/www.athleticclubraedersheim.fr\/wp-content\/uploads\/2022\/07\/20211005_181459-scaled.jpg\" \/>\n\t<meta property=\"og:image:width\" content=\"2560\" \/>\n\t<meta property=\"og:image:height\" content=\"1440\" \/>\n\t<meta property=\"og:image:type\" content=\"image\/jpeg\" \/>\n<meta name=\"twitter:card\" content=\"summary_large_image\" \/>\n<meta name=\"twitter:label1\" content=\"Dur\u00e9e de lecture estim\u00e9e\" \/>\n\t<meta name=\"twitter:data1\" content=\"1 minute\" \/>\n<script type=\"application\/ld+json\" class=\"yoast-schema-graph\">{\"@context\":\"https:\\\/\\\/schema.org\",\"@graph\":[{\"@type\":\"WebPage\",\"@id\":\"https:\\\/\\\/www.athleticclubraedersheim.fr\\\/?page_id=96\",\"url\":\"https:\\\/\\\/www.athleticclubraedersheim.fr\\\/?page_id=96\",\"name\":\"Planning des entra\u00eenements - Athletic Club Raedersheim\",\"isPartOf\":{\"@id\":\"https:\\\/\\\/www.athleticclubraedersheim.fr\\\/#website\"},\"primaryImageOfPage\":{\"@id\":\"https:\\\/\\\/www.athleticclubraedersheim.fr\\\/?page_id=96#primaryimage\"},\"image\":{\"@id\":\"https:\\\/\\\/www.athleticclubraedersheim.fr\\\/?page_id=96#primaryimage\"},\"thumbnailUrl\":\"https:\\\/\\\/www.athleticclubraedersheim.fr\\\/wp-content\\\/uploads\\\/2022\\\/07\\\/20211005_181459-scaled.jpg\",\"datePublished\":\"2022-07-06T14:36:21+00:00\",\"dateModified\":\"2022-09-07T16:47:45+00:00\",\"description\":\"D\u00e9couvrez et t\u00e9l\u00e9chargez le planning des entrainements de l'athletic Club de Raedersheim du lundi au samedi (sur demande)\",\"breadcrumb\":{\"@id\":\"https:\\\/\\\/www.athleticclubraedersheim.fr\\\/?page_id=96#breadcrumb\"},\"inLanguage\":\"fr-FR\",\"potentialAction\":[{\"@type\":\"ReadAction\",\"target\":[\"https:\\\/\\\/www.athleticclubraedersheim.fr\\\/?page_id=96\"]}]},{\"@type\":\"ImageObject\",\"inLanguage\":\"fr-FR\",\"@id\":\"https:\\\/\\\/www.athleticclubraedersheim.fr\\\/?page_id=96#primaryimage\",\"url\":\"https:\\\/\\\/www.athleticclubraedersheim.fr\\\/wp-content\\\/uploads\\\/2022\\\/07\\\/20211005_181459-scaled.jpg\",\"contentUrl\":\"https:\\\/\\\/www.athleticclubraedersheim.fr\\\/wp-content\\\/uploads\\\/2022\\\/07\\\/20211005_181459-scaled.jpg\",\"width\":2560,\"height\":1440,\"caption\":\"Jeunes athl\u00e8tes en rond dans une salle de sport\"},{\"@type\":\"BreadcrumbList\",\"@id\":\"https:\\\/\\\/www.athleticclubraedersheim.fr\\\/?page_id=96#breadcrumb\",\"itemListElement\":[{\"@type\":\"ListItem\",\"position\":1,\"name\":\"Accueil\",\"item\":\"https:\\\/\\\/www.athleticclubraedersheim.fr\\\/\"},{\"@type\":\"ListItem\",\"position\":2,\"name\":\"Entra\u00eenements\",\"item\":\"https:\\\/\\\/www.athleticclubraedersheim.fr\\\/?page_id=51\"},{\"@type\":\"ListItem\",\"position\":3,\"name\":\"Planning des entra\u00eenements\"}]},{\"@type\":\"WebSite\",\"@id\":\"https:\\\/\\\/www.athleticclubraedersheim.fr\\\/#website\",\"url\":\"https:\\\/\\\/www.athleticclubraedersheim.fr\\\/\",\"name\":\"Athletic Club Raedersheim\",\"description\":\"AC Raedersheim \",\"publisher\":{\"@id\":\"https:\\\/\\\/www.athleticclubraedersheim.fr\\\/#organization\"},\"potentialAction\":[{\"@type\":\"SearchAction\",\"target\":{\"@type\":\"EntryPoint\",\"urlTemplate\":\"https:\\\/\\\/www.athleticclubraedersheim.fr\\\/?s={search_term_string}\"},\"query-input\":{\"@type\":\"PropertyValueSpecification\",\"valueRequired\":true,\"valueName\":\"search_term_string\"}}],\"inLanguage\":\"fr-FR\"},{\"@type\":\"Organization\",\"@id\":\"https:\\\/\\\/www.athleticclubraedersheim.fr\\\/#organization\",\"name\":\"ACR\",\"url\":\"https:\\\/\\\/www.athleticclubraedersheim.fr\\\/\",\"logo\":{\"@type\":\"ImageObject\",\"inLanguage\":\"fr-FR\",\"@id\":\"https:\\\/\\\/www.athleticclubraedersheim.fr\\\/#\\\/schema\\\/logo\\\/image\\\/\",\"url\":\"http:\\\/\\\/athleticclubraedersheim.fr\\\/wp-content\\\/uploads\\\/2022\\\/07\\\/telechargement-2.png\",\"contentUrl\":\"http:\\\/\\\/athleticclubraedersheim.fr\\\/wp-content\\\/uploads\\\/2022\\\/07\\\/telechargement-2.png\",\"width\":225,\"height\":225,\"caption\":\"ACR\"},\"image\":{\"@id\":\"https:\\\/\\\/www.athleticclubraedersheim.fr\\\/#\\\/schema\\\/logo\\\/image\\\/\"},\"sameAs\":[\"https:\\\/\\\/www.facebook.com\\\/Athltic-Club-de-Raedersheim-ACR-336128767112821\\\/\"]}]}<\/script>\n<!-- \/ Yoast SEO plugin. -->","yoast_head_json":{"title":"Planning des entra\u00eenements - Athletic Club Raedersheim","description":"D\u00e9couvrez et t\u00e9l\u00e9chargez le planning des entrainements de l'athletic Club de Raedersheim du lundi au samedi (sur demande)","robots":{"index":"index","follow":"follow","max-snippet":"max-snippet:-1","max-image-preview":"max-image-preview:large","max-video-preview":"max-video-preview:-1"},"canonical":"https:\/\/www.athleticclubraedersheim.fr\/?page_id=96","og_locale":"fr_FR","og_type":"article","og_title":"Planning des entra\u00eenements - Athletic Club Raedersheim","og_description":"D\u00e9couvrez et t\u00e9l\u00e9chargez le planning des entrainements de l'athletic Club de Raedersheim du lundi au samedi (sur demande)","og_url":"https:\/\/www.athleticclubraedersheim.fr\/?page_id=96","og_site_name":"Athletic Club Raedersheim","article_publisher":"https:\/\/www.facebook.com\/Athltic-Club-de-Raedersheim-ACR-336128767112821\/","article_modified_time":"2022-09-07T16:47:45+00:00","og_image":[{"width":2560,"height":1440,"url":"https:\/\/www.athleticclubraedersheim.fr\/wp-content\/uploads\/2022\/07\/20211005_181459-scaled.jpg","type":"image\/jpeg"}],"twitter_card":"summary_large_image","twitter_misc":{"Dur\u00e9e de lecture estim\u00e9e":"1 minute"},"schema":{"@context":"https:\/\/schema.org","@graph":[{"@type":"WebPage","@id":"https:\/\/www.athleticclubraedersheim.fr\/?page_id=96","url":"https:\/\/www.athleticclubraedersheim.fr\/?page_id=96","name":"Planning des entra\u00eenements - Athletic Club Raedersheim","isPartOf":{"@id":"https:\/\/www.athleticclubraedersheim.fr\/#website"},"primaryImageOfPage":{"@id":"https:\/\/www.athleticclubraedersheim.fr\/?page_id=96#primaryimage"},"image":{"@id":"https:\/\/www.athleticclubraedersheim.fr\/?page_id=96#primaryimage"},"thumbnailUrl":"https:\/\/www.athleticclubraedersheim.fr\/wp-content\/uploads\/2022\/07\/20211005_181459-scaled.jpg","datePublished":"2022-07-06T14:36:21+00:00","dateModified":"2022-09-07T16:47:45+00:00","description":"D\u00e9couvrez et t\u00e9l\u00e9chargez le planning des entrainements de l'athletic Club de Raedersheim du lundi au samedi (sur demande)","breadcrumb":{"@id":"https:\/\/www.athleticclubraedersheim.fr\/?page_id=96#breadcrumb"},"inLanguage":"fr-FR","potentialAction":[{"@type":"ReadAction","target":["https:\/\/www.athleticclubraedersheim.fr\/?page_id=96"]}]},{"@type":"ImageObject","inLanguage":"fr-FR","@id":"https:\/\/www.athleticclubraedersheim.fr\/?page_id=96#primaryimage","url":"https:\/\/www.athleticclubraedersheim.fr\/wp-content\/uploads\/2022\/07\/20211005_181459-scaled.jpg","contentUrl":"https:\/\/www.athleticclubraedersheim.fr\/wp-content\/uploads\/2022\/07\/20211005_181459-scaled.jpg","width":2560,"height":1440,"caption":"Jeunes athl\u00e8tes en rond dans une salle de sport"},{"@type":"BreadcrumbList","@id":"https:\/\/www.athleticclubraedersheim.fr\/?page_id=96#breadcrumb","itemListElement":[{"@type":"ListItem","position":1,"name":"Accueil","item":"https:\/\/www.athleticclubraedersheim.fr\/"},{"@type":"ListItem","position":2,"name":"Entra\u00eenements","item":"https:\/\/www.athleticclubraedersheim.fr\/?page_id=51"},{"@type":"ListItem","position":3,"name":"Planning des entra\u00eenements"}]},{"@type":"WebSite","@id":"https:\/\/www.athleticclubraedersheim.fr\/#website","url":"https:\/\/www.athleticclubraedersheim.fr\/","name":"Athletic Club Raedersheim","description":"AC Raedersheim ","publisher":{"@id":"https:\/\/www.athleticclubraedersheim.fr\/#organization"},"potentialAction":[{"@type":"SearchAction","target":{"@type":"EntryPoint","urlTemplate":"https:\/\/www.athleticclubraedersheim.fr\/?s={search_term_string}"},"query-input":{"@type":"PropertyValueSpecification","valueRequired":true,"valueName":"search_term_string"}}],"inLanguage":"fr-FR"},{"@type":"Organization","@id":"https:\/\/www.athleticclubraedersheim.fr\/#organization","name":"ACR","url":"https:\/\/www.athleticclubraedersheim.fr\/","logo":{"@type":"ImageObject","inLanguage":"fr-FR","@id":"https:\/\/www.athleticclubraedersheim.fr\/#\/schema\/logo\/image\/","url":"http:\/\/athleticclubraedersheim.fr\/wp-content\/uploads\/2022\/07\/telechargement-2.png","contentUrl":"http:\/\/athleticclubraedersheim.fr\/wp-content\/uploads\/2022\/07\/telechargement-2.png","width":225,"height":225,"caption":"ACR"},"image":{"@id":"https:\/\/www.athleticclubraedersheim.fr\/#\/schema\/logo\/image\/"},"sameAs":["https:\/\/www.facebook.com\/Athltic-Club-de-Raedersheim-ACR-336128767112821\/"]}]}},"_links":{"self":[{"href":"https:\/\/www.athleticclubraedersheim.fr\/index.php?rest_route=\/wp\/v2\/pages\/96","targetHints":{"allow":["GET"]}}],"collection":[{"href":"https:\/\/www.athleticclubraedersheim.fr\/index.php?rest_route=\/wp\/v2\/pages"}],"about":[{"href":"https:\/\/www.athleticclubraedersheim.fr\/index.php?rest_route=\/wp\/v2\/types\/page"}],"author":[{"embeddable":true,"href":"https:\/\/www.athleticclubraedersheim.fr\/index.php?rest_route=\/wp\/v2\/users\/1"}],"replies":[{"embeddable":true,"href":"https:\/\/www.athleticclubraedersheim.fr\/index.php?rest_route=%2Fwp%2Fv2%2Fcomments&post=96"}],"version-history":[{"count":59,"href":"https:\/\/www.athleticclubraedersheim.fr\/index.php?rest_route=\/wp\/v2\/pages\/96\/revisions"}],"predecessor-version":[{"id":679,"href":"https:\/\/www.athleticclubraedersheim.fr\/index.php?rest_route=\/wp\/v2\/pages\/96\/revisions\/679"}],"up":[{"embeddable":true,"href":"https:\/\/www.athleticclubraedersheim.fr\/index.php?rest_route=\/wp\/v2\/pages\/51"}],"wp:featuredmedia":[{"embeddable":true,"href":"https:\/\/www.athleticclubraedersheim.fr\/index.php?rest_route=\/wp\/v2\/media\/314"}],"wp:attachment":[{"href":"https:\/\/www.athleticclubraedersheim.fr\/index.php?rest_route=%2Fwp%2Fv2%2Fmedia&parent=96"}],"curies":[{"name":"wp","href":"https:\/\/api.w.org\/{rel}","templated":true}]}}