{"id":90,"date":"2022-07-06T14:35:49","date_gmt":"2022-07-06T14:35:49","guid":{"rendered":"http:\/\/athleticclubraedersheim.fr\/?page_id=90"},"modified":"2022-09-24T12:29:06","modified_gmt":"2022-09-24T12:29:06","slug":"baby-athle","status":"publish","type":"page","link":"https:\/\/www.athleticclubraedersheim.fr\/?page_id=90","title":{"rendered":"Baby athl\u00e9"},"content":{"rendered":"\t\t<div data-elementor-type=\"wp-page\" data-elementor-id=\"90\" class=\"elementor elementor-90\">\n\t\t\t\t\t\t<section class=\"elementor-section elementor-top-section elementor-element elementor-element-84ceddf elementor-section-boxed elementor-section-height-default elementor-section-height-default\" data-id=\"84ceddf\" data-element_type=\"section\" data-e-type=\"section\">\n\t\t\t\t\t\t<div class=\"elementor-container elementor-column-gap-default\">\n\t\t\t\t\t<div class=\"elementor-column elementor-col-100 elementor-top-column elementor-element elementor-element-5822d8b\" data-id=\"5822d8b\" data-element_type=\"column\" data-e-type=\"column\">\n\t\t\t<div class=\"elementor-widget-wrap elementor-element-populated\">\n\t\t\t\t\t\t<div class=\"elementor-element elementor-element-9a622d6 elementor-widget elementor-widget-spacer\" data-id=\"9a622d6\" data-element_type=\"widget\" data-e-type=\"widget\" data-widget_type=\"spacer.default\">\n\t\t\t\t<div class=\"elementor-widget-container\">\n\t\t\t\t\t\t\t<div class=\"elementor-spacer\">\n\t\t\t<div class=\"elementor-spacer-inner\"><\/div>\n\t\t<\/div>\n\t\t\t\t\t\t<\/div>\n\t\t\t\t<\/div>\n\t\t\t\t\t<\/div>\n\t\t<\/div>\n\t\t\t\t\t<\/div>\n\t\t<\/section>\n\t\t\t\t<section class=\"elementor-section elementor-top-section elementor-element elementor-element-46fe874 elementor-section-boxed elementor-section-height-default elementor-section-height-default\" data-id=\"46fe874\" data-element_type=\"section\" data-e-type=\"section\">\n\t\t\t\t\t\t<div class=\"elementor-container elementor-column-gap-default\">\n\t\t\t\t\t<div class=\"elementor-column elementor-col-33 elementor-top-column elementor-element elementor-element-4774ddd\" data-id=\"4774ddd\" data-element_type=\"column\" data-e-type=\"column\">\n\t\t\t<div class=\"elementor-widget-wrap elementor-element-populated\">\n\t\t\t\t\t\t<div class=\"elementor-element elementor-element-36992f9 elementor-widget elementor-widget-image\" data-id=\"36992f9\" data-element_type=\"widget\" data-e-type=\"widget\" data-widget_type=\"image.default\">\n\t\t\t\t<div class=\"elementor-widget-container\">\n\t\t\t\t\t\t\t\t\t\t\t\t\t\t\t<img fetchpriority=\"high\" decoding=\"async\" width=\"750\" height=\"422\" src=\"https:\/\/www.athleticclubraedersheim.fr\/wp-content\/uploads\/2022\/07\/20210928_181349-1-1024x576.jpg\" class=\"attachment-large size-large wp-image-64\" alt=\"entrainements des jeunes\" srcset=\"https:\/\/www.athleticclubraedersheim.fr\/wp-content\/uploads\/2022\/07\/20210928_181349-1-1024x576.jpg 1024w, https:\/\/www.athleticclubraedersheim.fr\/wp-content\/uploads\/2022\/07\/20210928_181349-1-300x169.jpg 300w, https:\/\/www.athleticclubraedersheim.fr\/wp-content\/uploads\/2022\/07\/20210928_181349-1-768x432.jpg 768w, https:\/\/www.athleticclubraedersheim.fr\/wp-content\/uploads\/2022\/07\/20210928_181349-1-1536x864.jpg 1536w, https:\/\/www.athleticclubraedersheim.fr\/wp-content\/uploads\/2022\/07\/20210928_181349-1-2048x1152.jpg 2048w\" sizes=\"(max-width: 750px) 100vw, 750px\" \/>\t\t\t\t\t\t\t\t\t\t\t\t\t\t\t<\/div>\n\t\t\t\t<\/div>\n\t\t\t\t\t<\/div>\n\t\t<\/div>\n\t\t\t\t<div class=\"elementor-column elementor-col-66 elementor-top-column elementor-element elementor-element-b1fa096\" data-id=\"b1fa096\" data-element_type=\"column\" data-e-type=\"column\">\n\t\t\t<div class=\"elementor-widget-wrap elementor-element-populated\">\n\t\t\t\t\t\t<div class=\"elementor-element elementor-element-2794f85 elementor-widget elementor-widget-heading\" data-id=\"2794f85\" data-element_type=\"widget\" data-e-type=\"widget\" data-widget_type=\"heading.default\">\n\t\t\t\t<div class=\"elementor-widget-container\">\n\t\t\t\t\t<h3 class=\"elementor-heading-title elementor-size-default\">D\u00e9couvrez le baby athl\u00e9 !<\/h3>\t\t\t\t<\/div>\n\t\t\t\t<\/div>\n\t\t\t\t<div class=\"elementor-element elementor-element-fd5dcec elementor-widget elementor-widget-text-editor\" data-id=\"fd5dcec\" data-element_type=\"widget\" data-e-type=\"widget\" data-widget_type=\"text-editor.default\">\n\t\t\t\t<div class=\"elementor-widget-container\">\n\t\t\t\t\t\t\t\t\t<p>Le baby athl\u00e9 s&#8217;adresse aux <strong>enfants \u00e2g\u00e9s entre 4 et 6 ans, <\/strong>le but de cette section est de permettre aux jeunes enfants de d\u00e9couvrir l&#8217;athl\u00e9tisme en s&#8217;amusant.<\/p><p>Au baby athl\u00e9, <b>les enfants apprendront \u00e0 <\/b><b>d\u00e9velopper leur coordination, leur \u00e9quilibre, leur agilit\u00e9 ou encore leur adresse<\/b>. Le tout dans une ambiance ludique.\u00a0<\/p><p><span>L&#8217;athletic club de Raedersheim propose une section baby athl\u00e9 <strong>le mercredi de 14h00 \u00e0 15h00<\/strong><\/span><\/p>\t\t\t\t\t\t\t\t<\/div>\n\t\t\t\t<\/div>\n\t\t\t\t\t<\/div>\n\t\t<\/div>\n\t\t\t\t\t<\/div>\n\t\t<\/section>\n\t\t\t\t<section class=\"elementor-section elementor-top-section elementor-element elementor-element-9fa6523 elementor-section-boxed elementor-section-height-default elementor-section-height-default\" data-id=\"9fa6523\" data-element_type=\"section\" data-e-type=\"section\">\n\t\t\t\t\t\t<div class=\"elementor-container elementor-column-gap-default\">\n\t\t\t\t\t<div class=\"elementor-column elementor-col-100 elementor-top-column elementor-element elementor-element-0908df7\" data-id=\"0908df7\" data-element_type=\"column\" data-e-type=\"column\">\n\t\t\t<div class=\"elementor-widget-wrap elementor-element-populated\">\n\t\t\t\t\t\t<div class=\"elementor-element elementor-element-46d5a5a elementor-align-center elementor-widget elementor-widget-button\" data-id=\"46d5a5a\" data-element_type=\"widget\" data-e-type=\"widget\" data-widget_type=\"button.default\">\n\t\t\t\t<div class=\"elementor-widget-container\">\n\t\t\t\t\t\t\t\t\t<div class=\"elementor-button-wrapper\">\n\t\t\t\t\t<a class=\"elementor-button elementor-button-link elementor-size-md\" href=\"https:\/\/www.athleticclubraedersheim.fr\/planning\/entrainements\">\n\t\t\t\t\t\t<span class=\"elementor-button-content-wrapper\">\n\t\t\t\t\t\t\t\t\t<span class=\"elementor-button-text\">Planning des entra\u00eenements<\/span>\n\t\t\t\t\t<\/span>\n\t\t\t\t\t<\/a>\n\t\t\t\t<\/div>\n\t\t\t\t\t\t\t\t<\/div>\n\t\t\t\t<\/div>\n\t\t\t\t\t<\/div>\n\t\t<\/div>\n\t\t\t\t\t<\/div>\n\t\t<\/section>\n\t\t\t\t<\/div>\n\t\t","protected":false},"excerpt":{"rendered":"<p>D\u00e9couvrez le baby athl\u00e9 ! Le baby athl\u00e9 s&#8217;adresse aux enfants \u00e2g\u00e9s entre 4 et 6 ans, le but de cette section est de permettre aux jeunes enfants de d\u00e9couvrir l&#8217;athl\u00e9tisme en s&#8217;amusant. Au baby athl\u00e9, les enfants apprendront \u00e0 d\u00e9velopper leur coordination, leur \u00e9quilibre, leur agilit\u00e9 ou encore leur [&hellip;]<\/p>\n","protected":false},"author":1,"featured_media":315,"parent":48,"menu_order":0,"comment_status":"closed","ping_status":"closed","template":"page-templates\/template-fullwidth.php","meta":{"footnotes":""},"class_list":["post-90","page","type-page","status-publish","has-post-thumbnail","hentry"],"yoast_head":"<!-- This site is optimized with the Yoast SEO plugin v27.5 - https:\/\/yoast.com\/product\/yoast-seo-wordpress\/ -->\n<title>Baby athl\u00e9 - Athletic Club Raedersheim<\/title>\n<meta name=\"description\" content=\"Le baby athl\u00e9 s\u2019adresse aux enfants \u00e2g\u00e9s entre 3 et 6 ans, le but est de permettre aux enfants de d\u00e9couvrir l\u2019athl\u00e9tisme tout en s&#039;amusant.\" \/>\n<meta name=\"robots\" content=\"index, follow, max-snippet:-1, max-image-preview:large, max-video-preview:-1\" \/>\n<link rel=\"canonical\" href=\"https:\/\/www.athleticclubraedersheim.fr\/?page_id=90\" \/>\n<meta property=\"og:locale\" content=\"fr_FR\" \/>\n<meta property=\"og:type\" content=\"article\" \/>\n<meta property=\"og:title\" content=\"Baby athl\u00e9 - Athletic Club Raedersheim\" \/>\n<meta property=\"og:description\" content=\"Le baby athl\u00e9 s\u2019adresse aux enfants \u00e2g\u00e9s entre 3 et 6 ans, le but est de permettre aux enfants de d\u00e9couvrir l\u2019athl\u00e9tisme tout en s&#039;amusant.\" \/>\n<meta property=\"og:url\" content=\"https:\/\/www.athleticclubraedersheim.fr\/?page_id=90\" \/>\n<meta property=\"og:site_name\" content=\"Athletic Club Raedersheim\" \/>\n<meta property=\"article:publisher\" content=\"https:\/\/www.facebook.com\/Athltic-Club-de-Raedersheim-ACR-336128767112821\/\" \/>\n<meta property=\"article:modified_time\" content=\"2022-09-24T12:29:06+00:00\" \/>\n<meta property=\"og:image\" content=\"https:\/\/www.athleticclubraedersheim.fr\/wp-content\/uploads\/2022\/07\/20211019_183720-scaled.jpg\" \/>\n\t<meta property=\"og:image:width\" content=\"2560\" \/>\n\t<meta property=\"og:image:height\" content=\"1440\" \/>\n\t<meta property=\"og:image:type\" content=\"image\/jpeg\" \/>\n<meta name=\"twitter:card\" content=\"summary_large_image\" \/>\n<meta name=\"twitter:label1\" content=\"Dur\u00e9e de lecture estim\u00e9e\" \/>\n\t<meta name=\"twitter:data1\" content=\"1 minute\" \/>\n<script type=\"application\/ld+json\" class=\"yoast-schema-graph\">{\"@context\":\"https:\\\/\\\/schema.org\",\"@graph\":[{\"@type\":\"WebPage\",\"@id\":\"https:\\\/\\\/www.athleticclubraedersheim.fr\\\/?page_id=90\",\"url\":\"https:\\\/\\\/www.athleticclubraedersheim.fr\\\/?page_id=90\",\"name\":\"Baby athl\u00e9 - Athletic Club Raedersheim\",\"isPartOf\":{\"@id\":\"https:\\\/\\\/www.athleticclubraedersheim.fr\\\/#website\"},\"primaryImageOfPage\":{\"@id\":\"https:\\\/\\\/www.athleticclubraedersheim.fr\\\/?page_id=90#primaryimage\"},\"image\":{\"@id\":\"https:\\\/\\\/www.athleticclubraedersheim.fr\\\/?page_id=90#primaryimage\"},\"thumbnailUrl\":\"https:\\\/\\\/www.athleticclubraedersheim.fr\\\/wp-content\\\/uploads\\\/2022\\\/07\\\/20211019_183720-scaled.jpg\",\"datePublished\":\"2022-07-06T14:35:49+00:00\",\"dateModified\":\"2022-09-24T12:29:06+00:00\",\"description\":\"Le baby athl\u00e9 s\u2019adresse aux enfants \u00e2g\u00e9s entre 3 et 6 ans, le but est de permettre aux enfants de d\u00e9couvrir l\u2019athl\u00e9tisme tout en s'amusant.\",\"breadcrumb\":{\"@id\":\"https:\\\/\\\/www.athleticclubraedersheim.fr\\\/?page_id=90#breadcrumb\"},\"inLanguage\":\"fr-FR\",\"potentialAction\":[{\"@type\":\"ReadAction\",\"target\":[\"https:\\\/\\\/www.athleticclubraedersheim.fr\\\/?page_id=90\"]}]},{\"@type\":\"ImageObject\",\"inLanguage\":\"fr-FR\",\"@id\":\"https:\\\/\\\/www.athleticclubraedersheim.fr\\\/?page_id=90#primaryimage\",\"url\":\"https:\\\/\\\/www.athleticclubraedersheim.fr\\\/wp-content\\\/uploads\\\/2022\\\/07\\\/20211019_183720-scaled.jpg\",\"contentUrl\":\"https:\\\/\\\/www.athleticclubraedersheim.fr\\\/wp-content\\\/uploads\\\/2022\\\/07\\\/20211019_183720-scaled.jpg\",\"width\":2560,\"height\":1440,\"caption\":\"s\u00e9ance d'athl\u00e9tisme avec de jeunes athl\u00e8tes\"},{\"@type\":\"BreadcrumbList\",\"@id\":\"https:\\\/\\\/www.athleticclubraedersheim.fr\\\/?page_id=90#breadcrumb\",\"itemListElement\":[{\"@type\":\"ListItem\",\"position\":1,\"name\":\"Accueil\",\"item\":\"https:\\\/\\\/www.athleticclubraedersheim.fr\\\/\"},{\"@type\":\"ListItem\",\"position\":2,\"name\":\"Les activit\u00e9s\",\"item\":\"https:\\\/\\\/www.athleticclubraedersheim.fr\\\/?page_id=48\"},{\"@type\":\"ListItem\",\"position\":3,\"name\":\"Baby athl\u00e9\"}]},{\"@type\":\"WebSite\",\"@id\":\"https:\\\/\\\/www.athleticclubraedersheim.fr\\\/#website\",\"url\":\"https:\\\/\\\/www.athleticclubraedersheim.fr\\\/\",\"name\":\"Athletic Club Raedersheim\",\"description\":\"AC Raedersheim \",\"publisher\":{\"@id\":\"https:\\\/\\\/www.athleticclubraedersheim.fr\\\/#organization\"},\"potentialAction\":[{\"@type\":\"SearchAction\",\"target\":{\"@type\":\"EntryPoint\",\"urlTemplate\":\"https:\\\/\\\/www.athleticclubraedersheim.fr\\\/?s={search_term_string}\"},\"query-input\":{\"@type\":\"PropertyValueSpecification\",\"valueRequired\":true,\"valueName\":\"search_term_string\"}}],\"inLanguage\":\"fr-FR\"},{\"@type\":\"Organization\",\"@id\":\"https:\\\/\\\/www.athleticclubraedersheim.fr\\\/#organization\",\"name\":\"ACR\",\"url\":\"https:\\\/\\\/www.athleticclubraedersheim.fr\\\/\",\"logo\":{\"@type\":\"ImageObject\",\"inLanguage\":\"fr-FR\",\"@id\":\"https:\\\/\\\/www.athleticclubraedersheim.fr\\\/#\\\/schema\\\/logo\\\/image\\\/\",\"url\":\"http:\\\/\\\/athleticclubraedersheim.fr\\\/wp-content\\\/uploads\\\/2022\\\/07\\\/telechargement-2.png\",\"contentUrl\":\"http:\\\/\\\/athleticclubraedersheim.fr\\\/wp-content\\\/uploads\\\/2022\\\/07\\\/telechargement-2.png\",\"width\":225,\"height\":225,\"caption\":\"ACR\"},\"image\":{\"@id\":\"https:\\\/\\\/www.athleticclubraedersheim.fr\\\/#\\\/schema\\\/logo\\\/image\\\/\"},\"sameAs\":[\"https:\\\/\\\/www.facebook.com\\\/Athltic-Club-de-Raedersheim-ACR-336128767112821\\\/\"]}]}<\/script>\n<!-- \/ Yoast SEO plugin. -->","yoast_head_json":{"title":"Baby athl\u00e9 - Athletic Club Raedersheim","description":"Le baby athl\u00e9 s\u2019adresse aux enfants \u00e2g\u00e9s entre 3 et 6 ans, le but est de permettre aux enfants de d\u00e9couvrir l\u2019athl\u00e9tisme tout en s'amusant.","robots":{"index":"index","follow":"follow","max-snippet":"max-snippet:-1","max-image-preview":"max-image-preview:large","max-video-preview":"max-video-preview:-1"},"canonical":"https:\/\/www.athleticclubraedersheim.fr\/?page_id=90","og_locale":"fr_FR","og_type":"article","og_title":"Baby athl\u00e9 - Athletic Club Raedersheim","og_description":"Le baby athl\u00e9 s\u2019adresse aux enfants \u00e2g\u00e9s entre 3 et 6 ans, le but est de permettre aux enfants de d\u00e9couvrir l\u2019athl\u00e9tisme tout en s'amusant.","og_url":"https:\/\/www.athleticclubraedersheim.fr\/?page_id=90","og_site_name":"Athletic Club Raedersheim","article_publisher":"https:\/\/www.facebook.com\/Athltic-Club-de-Raedersheim-ACR-336128767112821\/","article_modified_time":"2022-09-24T12:29:06+00:00","og_image":[{"width":2560,"height":1440,"url":"https:\/\/www.athleticclubraedersheim.fr\/wp-content\/uploads\/2022\/07\/20211019_183720-scaled.jpg","type":"image\/jpeg"}],"twitter_card":"summary_large_image","twitter_misc":{"Dur\u00e9e de lecture estim\u00e9e":"1 minute"},"schema":{"@context":"https:\/\/schema.org","@graph":[{"@type":"WebPage","@id":"https:\/\/www.athleticclubraedersheim.fr\/?page_id=90","url":"https:\/\/www.athleticclubraedersheim.fr\/?page_id=90","name":"Baby athl\u00e9 - Athletic Club Raedersheim","isPartOf":{"@id":"https:\/\/www.athleticclubraedersheim.fr\/#website"},"primaryImageOfPage":{"@id":"https:\/\/www.athleticclubraedersheim.fr\/?page_id=90#primaryimage"},"image":{"@id":"https:\/\/www.athleticclubraedersheim.fr\/?page_id=90#primaryimage"},"thumbnailUrl":"https:\/\/www.athleticclubraedersheim.fr\/wp-content\/uploads\/2022\/07\/20211019_183720-scaled.jpg","datePublished":"2022-07-06T14:35:49+00:00","dateModified":"2022-09-24T12:29:06+00:00","description":"Le baby athl\u00e9 s\u2019adresse aux enfants \u00e2g\u00e9s entre 3 et 6 ans, le but est de permettre aux enfants de d\u00e9couvrir l\u2019athl\u00e9tisme tout en s'amusant.","breadcrumb":{"@id":"https:\/\/www.athleticclubraedersheim.fr\/?page_id=90#breadcrumb"},"inLanguage":"fr-FR","potentialAction":[{"@type":"ReadAction","target":["https:\/\/www.athleticclubraedersheim.fr\/?page_id=90"]}]},{"@type":"ImageObject","inLanguage":"fr-FR","@id":"https:\/\/www.athleticclubraedersheim.fr\/?page_id=90#primaryimage","url":"https:\/\/www.athleticclubraedersheim.fr\/wp-content\/uploads\/2022\/07\/20211019_183720-scaled.jpg","contentUrl":"https:\/\/www.athleticclubraedersheim.fr\/wp-content\/uploads\/2022\/07\/20211019_183720-scaled.jpg","width":2560,"height":1440,"caption":"s\u00e9ance d'athl\u00e9tisme avec de jeunes athl\u00e8tes"},{"@type":"BreadcrumbList","@id":"https:\/\/www.athleticclubraedersheim.fr\/?page_id=90#breadcrumb","itemListElement":[{"@type":"ListItem","position":1,"name":"Accueil","item":"https:\/\/www.athleticclubraedersheim.fr\/"},{"@type":"ListItem","position":2,"name":"Les activit\u00e9s","item":"https:\/\/www.athleticclubraedersheim.fr\/?page_id=48"},{"@type":"ListItem","position":3,"name":"Baby athl\u00e9"}]},{"@type":"WebSite","@id":"https:\/\/www.athleticclubraedersheim.fr\/#website","url":"https:\/\/www.athleticclubraedersheim.fr\/","name":"Athletic Club Raedersheim","description":"AC Raedersheim ","publisher":{"@id":"https:\/\/www.athleticclubraedersheim.fr\/#organization"},"potentialAction":[{"@type":"SearchAction","target":{"@type":"EntryPoint","urlTemplate":"https:\/\/www.athleticclubraedersheim.fr\/?s={search_term_string}"},"query-input":{"@type":"PropertyValueSpecification","valueRequired":true,"valueName":"search_term_string"}}],"inLanguage":"fr-FR"},{"@type":"Organization","@id":"https:\/\/www.athleticclubraedersheim.fr\/#organization","name":"ACR","url":"https:\/\/www.athleticclubraedersheim.fr\/","logo":{"@type":"ImageObject","inLanguage":"fr-FR","@id":"https:\/\/www.athleticclubraedersheim.fr\/#\/schema\/logo\/image\/","url":"http:\/\/athleticclubraedersheim.fr\/wp-content\/uploads\/2022\/07\/telechargement-2.png","contentUrl":"http:\/\/athleticclubraedersheim.fr\/wp-content\/uploads\/2022\/07\/telechargement-2.png","width":225,"height":225,"caption":"ACR"},"image":{"@id":"https:\/\/www.athleticclubraedersheim.fr\/#\/schema\/logo\/image\/"},"sameAs":["https:\/\/www.facebook.com\/Athltic-Club-de-Raedersheim-ACR-336128767112821\/"]}]}},"_links":{"self":[{"href":"https:\/\/www.athleticclubraedersheim.fr\/index.php?rest_route=\/wp\/v2\/pages\/90","targetHints":{"allow":["GET"]}}],"collection":[{"href":"https:\/\/www.athleticclubraedersheim.fr\/index.php?rest_route=\/wp\/v2\/pages"}],"about":[{"href":"https:\/\/www.athleticclubraedersheim.fr\/index.php?rest_route=\/wp\/v2\/types\/page"}],"author":[{"embeddable":true,"href":"https:\/\/www.athleticclubraedersheim.fr\/index.php?rest_route=\/wp\/v2\/users\/1"}],"replies":[{"embeddable":true,"href":"https:\/\/www.athleticclubraedersheim.fr\/index.php?rest_route=%2Fwp%2Fv2%2Fcomments&post=90"}],"version-history":[{"count":47,"href":"https:\/\/www.athleticclubraedersheim.fr\/index.php?rest_route=\/wp\/v2\/pages\/90\/revisions"}],"predecessor-version":[{"id":759,"href":"https:\/\/www.athleticclubraedersheim.fr\/index.php?rest_route=\/wp\/v2\/pages\/90\/revisions\/759"}],"up":[{"embeddable":true,"href":"https:\/\/www.athleticclubraedersheim.fr\/index.php?rest_route=\/wp\/v2\/pages\/48"}],"wp:featuredmedia":[{"embeddable":true,"href":"https:\/\/www.athleticclubraedersheim.fr\/index.php?rest_route=\/wp\/v2\/media\/315"}],"wp:attachment":[{"href":"https:\/\/www.athleticclubraedersheim.fr\/index.php?rest_route=%2Fwp%2Fv2%2Fmedia&parent=90"}],"curies":[{"name":"wp","href":"https:\/\/api.w.org\/{rel}","templated":true}]}}