{"id":87,"date":"2022-07-06T14:35:38","date_gmt":"2022-07-06T14:35:38","guid":{"rendered":"http:\/\/athleticclubraedersheim.fr\/?page_id=87"},"modified":"2022-09-14T12:08:08","modified_gmt":"2022-09-14T12:08:08","slug":"pass-athle","status":"publish","type":"page","link":"https:\/\/www.athleticclubraedersheim.fr\/?page_id=87","title":{"rendered":"Pass athl\u00e9"},"content":{"rendered":"\t\t<div data-elementor-type=\"wp-page\" data-elementor-id=\"87\" class=\"elementor elementor-87\">\n\t\t\t\t\t\t<section class=\"elementor-section elementor-top-section elementor-element elementor-element-80207a9 elementor-section-boxed elementor-section-height-default elementor-section-height-default\" data-id=\"80207a9\" data-element_type=\"section\" data-e-type=\"section\">\n\t\t\t\t\t\t<div class=\"elementor-container elementor-column-gap-default\">\n\t\t\t\t\t<div class=\"elementor-column elementor-col-100 elementor-top-column elementor-element elementor-element-1711d3f\" data-id=\"1711d3f\" data-element_type=\"column\" data-e-type=\"column\">\n\t\t\t<div class=\"elementor-widget-wrap elementor-element-populated\">\n\t\t\t\t\t\t<div class=\"elementor-element elementor-element-e09b399 elementor-widget elementor-widget-spacer\" data-id=\"e09b399\" data-element_type=\"widget\" data-e-type=\"widget\" data-widget_type=\"spacer.default\">\n\t\t\t\t<div class=\"elementor-widget-container\">\n\t\t\t\t\t\t\t<div class=\"elementor-spacer\">\n\t\t\t<div class=\"elementor-spacer-inner\"><\/div>\n\t\t<\/div>\n\t\t\t\t\t\t<\/div>\n\t\t\t\t<\/div>\n\t\t\t\t\t<\/div>\n\t\t<\/div>\n\t\t\t\t\t<\/div>\n\t\t<\/section>\n\t\t\t\t<section class=\"elementor-section elementor-top-section elementor-element elementor-element-9392d31 elementor-section-boxed elementor-section-height-default elementor-section-height-default\" data-id=\"9392d31\" data-element_type=\"section\" data-e-type=\"section\">\n\t\t\t\t\t\t<div class=\"elementor-container elementor-column-gap-default\">\n\t\t\t\t\t<div class=\"elementor-column elementor-col-33 elementor-top-column elementor-element elementor-element-e520990\" data-id=\"e520990\" data-element_type=\"column\" data-e-type=\"column\">\n\t\t\t<div class=\"elementor-widget-wrap elementor-element-populated\">\n\t\t\t\t\t\t<div class=\"elementor-element elementor-element-6275956 elementor-widget elementor-widget-image\" data-id=\"6275956\" data-element_type=\"widget\" data-e-type=\"widget\" data-widget_type=\"image.default\">\n\t\t\t\t<div class=\"elementor-widget-container\">\n\t\t\t\t\t\t\t\t\t\t\t\t\t\t\t<img fetchpriority=\"high\" decoding=\"async\" width=\"750\" height=\"422\" src=\"https:\/\/www.athleticclubraedersheim.fr\/wp-content\/uploads\/2022\/07\/20220106_190733-1024x576.jpg\" class=\"attachment-large size-large wp-image-320\" alt=\"athl\u00e8tes de raedersheim pendant en entrainement d&#039;athl\u00e9tisme\" srcset=\"https:\/\/www.athleticclubraedersheim.fr\/wp-content\/uploads\/2022\/07\/20220106_190733-1024x576.jpg 1024w, https:\/\/www.athleticclubraedersheim.fr\/wp-content\/uploads\/2022\/07\/20220106_190733-300x169.jpg 300w, https:\/\/www.athleticclubraedersheim.fr\/wp-content\/uploads\/2022\/07\/20220106_190733-768x432.jpg 768w, https:\/\/www.athleticclubraedersheim.fr\/wp-content\/uploads\/2022\/07\/20220106_190733-1536x864.jpg 1536w, https:\/\/www.athleticclubraedersheim.fr\/wp-content\/uploads\/2022\/07\/20220106_190733-2048x1152.jpg 2048w\" sizes=\"(max-width: 750px) 100vw, 750px\" \/>\t\t\t\t\t\t\t\t\t\t\t\t\t\t\t<\/div>\n\t\t\t\t<\/div>\n\t\t\t\t\t<\/div>\n\t\t<\/div>\n\t\t\t\t<div class=\"elementor-column elementor-col-66 elementor-top-column elementor-element elementor-element-ab8831b\" data-id=\"ab8831b\" data-element_type=\"column\" data-e-type=\"column\">\n\t\t\t<div class=\"elementor-widget-wrap elementor-element-populated\">\n\t\t\t\t\t\t<div class=\"elementor-element elementor-element-48e2018 elementor-widget elementor-widget-heading\" data-id=\"48e2018\" data-element_type=\"widget\" data-e-type=\"widget\" data-widget_type=\"heading.default\">\n\t\t\t\t<div class=\"elementor-widget-container\">\n\t\t\t\t\t<h3 class=\"elementor-heading-title elementor-size-default\">Le pass athl\u00e9 <\/h3>\t\t\t\t<\/div>\n\t\t\t\t<\/div>\n\t\t\t\t<div class=\"elementor-element elementor-element-2d0a757 elementor-widget elementor-widget-text-editor\" data-id=\"2d0a757\" data-element_type=\"widget\" data-e-type=\"widget\" data-widget_type=\"text-editor.default\">\n\t\t\t\t<div class=\"elementor-widget-container\">\n\t\t\t\t\t\t\t\t\t<p>Le pass athl\u00e9 ou l&#8217;athl\u00e9tisme des jeunes est un dispositif qui permet aux parents et aux entraineurs de suivre la progression du jeune athl\u00e8te et de pouvoir valider les diff\u00e9rentes \u00e9tapes de l&#8217;apprentissage des gestes fondamentaux de l&#8217;athl\u00e9tisme. Il est \u00e9galement possible de suivre son \u00e9volution sur le site d\u00e9di\u00e9s :\u00a0<a href=\"http:\/\/www.pass-athle.fr\" target=\"_blank\" style=\"background-color: #ffffff;\" rel=\"noopener\">www.pass-athle.fr\u00a0<\/a><\/p>\t\t\t\t\t\t\t\t<\/div>\n\t\t\t\t<\/div>\n\t\t\t\t\t<\/div>\n\t\t<\/div>\n\t\t\t\t\t<\/div>\n\t\t<\/section>\n\t\t\t\t<section class=\"elementor-section elementor-top-section elementor-element elementor-element-c4b5371 elementor-section-boxed elementor-section-height-default elementor-section-height-default\" data-id=\"c4b5371\" data-element_type=\"section\" data-e-type=\"section\">\n\t\t\t\t\t\t<div class=\"elementor-container elementor-column-gap-default\">\n\t\t\t\t\t<div class=\"elementor-column elementor-col-66 elementor-top-column elementor-element elementor-element-df18628\" data-id=\"df18628\" data-element_type=\"column\" data-e-type=\"column\">\n\t\t\t<div class=\"elementor-widget-wrap elementor-element-populated\">\n\t\t\t\t\t\t<div class=\"elementor-element elementor-element-46fc8f4 elementor-widget elementor-widget-text-editor\" data-id=\"46fc8f4\" data-element_type=\"widget\" data-e-type=\"widget\" data-widget_type=\"text-editor.default\">\n\t\t\t\t<div class=\"elementor-widget-container\">\n\t\t\t\t\t\t\t\t\t<p>Le pass athl\u00e9 permet de suivre le parcours du jeune athl\u00e8te en 3 phases :\u00a0<\/p><ul><li>Le Pass Aventure pour les 4-6 ans<\/li><li>Le Pass Eveil pour les 7\/9 ans<\/li><li>Le Pass Pouss pour les 10\/11 ans<\/li><\/ul><p>Le jeune athl\u00e8te recevra un carnet o\u00f9 il pourra entre autres retrouver le guide de bonne conduite et les indispensables \u00e0 mettre dans son sac de sport.\u00a0<\/p>\t\t\t\t\t\t\t\t<\/div>\n\t\t\t\t<\/div>\n\t\t\t\t<div class=\"elementor-element elementor-element-0be6f14 elementor-widget elementor-widget-spacer\" data-id=\"0be6f14\" data-element_type=\"widget\" data-e-type=\"widget\" data-widget_type=\"spacer.default\">\n\t\t\t\t<div class=\"elementor-widget-container\">\n\t\t\t\t\t\t\t<div class=\"elementor-spacer\">\n\t\t\t<div class=\"elementor-spacer-inner\"><\/div>\n\t\t<\/div>\n\t\t\t\t\t\t<\/div>\n\t\t\t\t<\/div>\n\t\t\t\t\t<\/div>\n\t\t<\/div>\n\t\t\t\t<div class=\"elementor-column elementor-col-33 elementor-top-column elementor-element elementor-element-4e2af37\" data-id=\"4e2af37\" data-element_type=\"column\" data-e-type=\"column\">\n\t\t\t<div class=\"elementor-widget-wrap elementor-element-populated\">\n\t\t\t\t\t\t<div class=\"elementor-element elementor-element-c522cc0 elementor-widget elementor-widget-image\" data-id=\"c522cc0\" data-element_type=\"widget\" data-e-type=\"widget\" data-widget_type=\"image.default\">\n\t\t\t\t<div class=\"elementor-widget-container\">\n\t\t\t\t\t\t\t\t\t\t\t\t\t\t\t<img decoding=\"async\" width=\"186\" height=\"227\" src=\"https:\/\/www.athleticclubraedersheim.fr\/wp-content\/uploads\/2022\/08\/pass-athle3-e1659439381729.png\" class=\"attachment-large size-large wp-image-470\" alt=\"passeport du jeune athl\u00e8te\" \/>\t\t\t\t\t\t\t\t\t\t\t\t\t\t\t<\/div>\n\t\t\t\t<\/div>\n\t\t\t\t<div class=\"elementor-element elementor-element-6d635b8 elementor-widget elementor-widget-spacer\" data-id=\"6d635b8\" data-element_type=\"widget\" data-e-type=\"widget\" data-widget_type=\"spacer.default\">\n\t\t\t\t<div class=\"elementor-widget-container\">\n\t\t\t\t\t\t\t<div class=\"elementor-spacer\">\n\t\t\t<div class=\"elementor-spacer-inner\"><\/div>\n\t\t<\/div>\n\t\t\t\t\t\t<\/div>\n\t\t\t\t<\/div>\n\t\t\t\t\t<\/div>\n\t\t<\/div>\n\t\t\t\t\t<\/div>\n\t\t<\/section>\n\t\t\t\t<\/div>\n\t\t","protected":false},"excerpt":{"rendered":"<p>Le pass athl\u00e9 Le pass athl\u00e9 ou l&#8217;athl\u00e9tisme des jeunes est un dispositif qui permet aux parents et aux entraineurs de suivre la progression du jeune athl\u00e8te et de pouvoir valider les diff\u00e9rentes \u00e9tapes de l&#8217;apprentissage des gestes fondamentaux de l&#8217;athl\u00e9tisme. Il est \u00e9galement possible de suivre son \u00e9volution sur [&hellip;]<\/p>\n","protected":false},"author":1,"featured_media":63,"parent":48,"menu_order":0,"comment_status":"closed","ping_status":"closed","template":"page-templates\/template-fullwidth.php","meta":{"footnotes":""},"class_list":["post-87","page","type-page","status-publish","has-post-thumbnail","hentry"],"yoast_head":"<!-- This site is optimized with the Yoast SEO plugin v27.5 - https:\/\/yoast.com\/product\/yoast-seo-wordpress\/ -->\n<title>Pass athl\u00e9 - Athletic Club Raedersheim<\/title>\n<meta name=\"description\" content=\"Le pass athl\u00e9 est un dispositif qui permet aux parents et aux entraineurs de suivre la progression du jeune athl\u00e8te.\" \/>\n<meta name=\"robots\" content=\"index, follow, max-snippet:-1, max-image-preview:large, max-video-preview:-1\" \/>\n<link rel=\"canonical\" href=\"https:\/\/www.athleticclubraedersheim.fr\/les-activites\/\" \/>\n<meta property=\"og:locale\" content=\"fr_FR\" \/>\n<meta property=\"og:type\" content=\"article\" \/>\n<meta property=\"og:title\" content=\"Pass athl\u00e9 - Athletic Club Raedersheim\" \/>\n<meta property=\"og:description\" content=\"Le pass athl\u00e9 est un dispositif qui permet aux parents et aux entraineurs de suivre la progression du jeune athl\u00e8te.\" \/>\n<meta property=\"og:url\" content=\"https:\/\/www.athleticclubraedersheim.fr\/les-activites\/\" \/>\n<meta property=\"og:site_name\" content=\"Athletic Club Raedersheim\" \/>\n<meta property=\"article:publisher\" content=\"https:\/\/www.facebook.com\/Athltic-Club-de-Raedersheim-ACR-336128767112821\/\" \/>\n<meta property=\"article:modified_time\" content=\"2022-09-14T12:08:08+00:00\" \/>\n<meta property=\"og:image\" content=\"https:\/\/www.athleticclubraedersheim.fr\/wp-content\/uploads\/2022\/07\/20210928_181314-1-scaled.jpg\" \/>\n\t<meta property=\"og:image:width\" content=\"2560\" \/>\n\t<meta property=\"og:image:height\" content=\"1440\" \/>\n\t<meta property=\"og:image:type\" content=\"image\/jpeg\" \/>\n<meta name=\"twitter:card\" content=\"summary_large_image\" \/>\n<meta name=\"twitter:label1\" content=\"Dur\u00e9e de lecture estim\u00e9e\" \/>\n\t<meta name=\"twitter:data1\" content=\"1 minute\" \/>\n<script type=\"application\/ld+json\" class=\"yoast-schema-graph\">{\"@context\":\"https:\\\/\\\/schema.org\",\"@graph\":[{\"@type\":\"WebPage\",\"@id\":\"https:\\\/\\\/www.athleticclubraedersheim.fr\\\/?page_id=87\",\"url\":\"https:\\\/\\\/www.athleticclubraedersheim.fr\\\/les-activites\\\/\",\"name\":\"Pass athl\u00e9 - Athletic Club Raedersheim\",\"isPartOf\":{\"@id\":\"https:\\\/\\\/www.athleticclubraedersheim.fr\\\/#website\"},\"primaryImageOfPage\":{\"@id\":\"https:\\\/\\\/www.athleticclubraedersheim.fr\\\/les-activites\\\/#primaryimage\"},\"image\":{\"@id\":\"https:\\\/\\\/www.athleticclubraedersheim.fr\\\/les-activites\\\/#primaryimage\"},\"thumbnailUrl\":\"https:\\\/\\\/www.athleticclubraedersheim.fr\\\/wp-content\\\/uploads\\\/2022\\\/07\\\/20210928_181314-1-scaled.jpg\",\"datePublished\":\"2022-07-06T14:35:38+00:00\",\"dateModified\":\"2022-09-14T12:08:08+00:00\",\"description\":\"Le pass athl\u00e9 est un dispositif qui permet aux parents et aux entraineurs de suivre la progression du jeune athl\u00e8te.\",\"breadcrumb\":{\"@id\":\"https:\\\/\\\/www.athleticclubraedersheim.fr\\\/les-activites\\\/#breadcrumb\"},\"inLanguage\":\"fr-FR\",\"potentialAction\":[{\"@type\":\"ReadAction\",\"target\":[\"https:\\\/\\\/www.athleticclubraedersheim.fr\\\/les-activites\\\/\"]}]},{\"@type\":\"ImageObject\",\"inLanguage\":\"fr-FR\",\"@id\":\"https:\\\/\\\/www.athleticclubraedersheim.fr\\\/les-activites\\\/#primaryimage\",\"url\":\"https:\\\/\\\/www.athleticclubraedersheim.fr\\\/wp-content\\\/uploads\\\/2022\\\/07\\\/20210928_181314-1-scaled.jpg\",\"contentUrl\":\"https:\\\/\\\/www.athleticclubraedersheim.fr\\\/wp-content\\\/uploads\\\/2022\\\/07\\\/20210928_181314-1-scaled.jpg\",\"width\":2560,\"height\":1440,\"caption\":\"entrainement des jeunes \u00e0 l'acr\"},{\"@type\":\"BreadcrumbList\",\"@id\":\"https:\\\/\\\/www.athleticclubraedersheim.fr\\\/les-activites\\\/#breadcrumb\",\"itemListElement\":[{\"@type\":\"ListItem\",\"position\":1,\"name\":\"Accueil\",\"item\":\"https:\\\/\\\/www.athleticclubraedersheim.fr\\\/\"},{\"@type\":\"ListItem\",\"position\":2,\"name\":\"Les activit\u00e9s\",\"item\":\"https:\\\/\\\/www.athleticclubraedersheim.fr\\\/?page_id=48\"},{\"@type\":\"ListItem\",\"position\":3,\"name\":\"Pass athl\u00e9\"}]},{\"@type\":\"WebSite\",\"@id\":\"https:\\\/\\\/www.athleticclubraedersheim.fr\\\/#website\",\"url\":\"https:\\\/\\\/www.athleticclubraedersheim.fr\\\/\",\"name\":\"Athletic Club Raedersheim\",\"description\":\"AC Raedersheim \",\"publisher\":{\"@id\":\"https:\\\/\\\/www.athleticclubraedersheim.fr\\\/#organization\"},\"potentialAction\":[{\"@type\":\"SearchAction\",\"target\":{\"@type\":\"EntryPoint\",\"urlTemplate\":\"https:\\\/\\\/www.athleticclubraedersheim.fr\\\/?s={search_term_string}\"},\"query-input\":{\"@type\":\"PropertyValueSpecification\",\"valueRequired\":true,\"valueName\":\"search_term_string\"}}],\"inLanguage\":\"fr-FR\"},{\"@type\":\"Organization\",\"@id\":\"https:\\\/\\\/www.athleticclubraedersheim.fr\\\/#organization\",\"name\":\"ACR\",\"url\":\"https:\\\/\\\/www.athleticclubraedersheim.fr\\\/\",\"logo\":{\"@type\":\"ImageObject\",\"inLanguage\":\"fr-FR\",\"@id\":\"https:\\\/\\\/www.athleticclubraedersheim.fr\\\/#\\\/schema\\\/logo\\\/image\\\/\",\"url\":\"http:\\\/\\\/athleticclubraedersheim.fr\\\/wp-content\\\/uploads\\\/2022\\\/07\\\/telechargement-2.png\",\"contentUrl\":\"http:\\\/\\\/athleticclubraedersheim.fr\\\/wp-content\\\/uploads\\\/2022\\\/07\\\/telechargement-2.png\",\"width\":225,\"height\":225,\"caption\":\"ACR\"},\"image\":{\"@id\":\"https:\\\/\\\/www.athleticclubraedersheim.fr\\\/#\\\/schema\\\/logo\\\/image\\\/\"},\"sameAs\":[\"https:\\\/\\\/www.facebook.com\\\/Athltic-Club-de-Raedersheim-ACR-336128767112821\\\/\"]}]}<\/script>\n<!-- \/ Yoast SEO plugin. -->","yoast_head_json":{"title":"Pass athl\u00e9 - Athletic Club Raedersheim","description":"Le pass athl\u00e9 est un dispositif qui permet aux parents et aux entraineurs de suivre la progression du jeune athl\u00e8te.","robots":{"index":"index","follow":"follow","max-snippet":"max-snippet:-1","max-image-preview":"max-image-preview:large","max-video-preview":"max-video-preview:-1"},"canonical":"https:\/\/www.athleticclubraedersheim.fr\/les-activites\/","og_locale":"fr_FR","og_type":"article","og_title":"Pass athl\u00e9 - Athletic Club Raedersheim","og_description":"Le pass athl\u00e9 est un dispositif qui permet aux parents et aux entraineurs de suivre la progression du jeune athl\u00e8te.","og_url":"https:\/\/www.athleticclubraedersheim.fr\/les-activites\/","og_site_name":"Athletic Club Raedersheim","article_publisher":"https:\/\/www.facebook.com\/Athltic-Club-de-Raedersheim-ACR-336128767112821\/","article_modified_time":"2022-09-14T12:08:08+00:00","og_image":[{"width":2560,"height":1440,"url":"https:\/\/www.athleticclubraedersheim.fr\/wp-content\/uploads\/2022\/07\/20210928_181314-1-scaled.jpg","type":"image\/jpeg"}],"twitter_card":"summary_large_image","twitter_misc":{"Dur\u00e9e de lecture estim\u00e9e":"1 minute"},"schema":{"@context":"https:\/\/schema.org","@graph":[{"@type":"WebPage","@id":"https:\/\/www.athleticclubraedersheim.fr\/?page_id=87","url":"https:\/\/www.athleticclubraedersheim.fr\/les-activites\/","name":"Pass athl\u00e9 - Athletic Club Raedersheim","isPartOf":{"@id":"https:\/\/www.athleticclubraedersheim.fr\/#website"},"primaryImageOfPage":{"@id":"https:\/\/www.athleticclubraedersheim.fr\/les-activites\/#primaryimage"},"image":{"@id":"https:\/\/www.athleticclubraedersheim.fr\/les-activites\/#primaryimage"},"thumbnailUrl":"https:\/\/www.athleticclubraedersheim.fr\/wp-content\/uploads\/2022\/07\/20210928_181314-1-scaled.jpg","datePublished":"2022-07-06T14:35:38+00:00","dateModified":"2022-09-14T12:08:08+00:00","description":"Le pass athl\u00e9 est un dispositif qui permet aux parents et aux entraineurs de suivre la progression du jeune athl\u00e8te.","breadcrumb":{"@id":"https:\/\/www.athleticclubraedersheim.fr\/les-activites\/#breadcrumb"},"inLanguage":"fr-FR","potentialAction":[{"@type":"ReadAction","target":["https:\/\/www.athleticclubraedersheim.fr\/les-activites\/"]}]},{"@type":"ImageObject","inLanguage":"fr-FR","@id":"https:\/\/www.athleticclubraedersheim.fr\/les-activites\/#primaryimage","url":"https:\/\/www.athleticclubraedersheim.fr\/wp-content\/uploads\/2022\/07\/20210928_181314-1-scaled.jpg","contentUrl":"https:\/\/www.athleticclubraedersheim.fr\/wp-content\/uploads\/2022\/07\/20210928_181314-1-scaled.jpg","width":2560,"height":1440,"caption":"entrainement des jeunes \u00e0 l'acr"},{"@type":"BreadcrumbList","@id":"https:\/\/www.athleticclubraedersheim.fr\/les-activites\/#breadcrumb","itemListElement":[{"@type":"ListItem","position":1,"name":"Accueil","item":"https:\/\/www.athleticclubraedersheim.fr\/"},{"@type":"ListItem","position":2,"name":"Les activit\u00e9s","item":"https:\/\/www.athleticclubraedersheim.fr\/?page_id=48"},{"@type":"ListItem","position":3,"name":"Pass athl\u00e9"}]},{"@type":"WebSite","@id":"https:\/\/www.athleticclubraedersheim.fr\/#website","url":"https:\/\/www.athleticclubraedersheim.fr\/","name":"Athletic Club Raedersheim","description":"AC Raedersheim ","publisher":{"@id":"https:\/\/www.athleticclubraedersheim.fr\/#organization"},"potentialAction":[{"@type":"SearchAction","target":{"@type":"EntryPoint","urlTemplate":"https:\/\/www.athleticclubraedersheim.fr\/?s={search_term_string}"},"query-input":{"@type":"PropertyValueSpecification","valueRequired":true,"valueName":"search_term_string"}}],"inLanguage":"fr-FR"},{"@type":"Organization","@id":"https:\/\/www.athleticclubraedersheim.fr\/#organization","name":"ACR","url":"https:\/\/www.athleticclubraedersheim.fr\/","logo":{"@type":"ImageObject","inLanguage":"fr-FR","@id":"https:\/\/www.athleticclubraedersheim.fr\/#\/schema\/logo\/image\/","url":"http:\/\/athleticclubraedersheim.fr\/wp-content\/uploads\/2022\/07\/telechargement-2.png","contentUrl":"http:\/\/athleticclubraedersheim.fr\/wp-content\/uploads\/2022\/07\/telechargement-2.png","width":225,"height":225,"caption":"ACR"},"image":{"@id":"https:\/\/www.athleticclubraedersheim.fr\/#\/schema\/logo\/image\/"},"sameAs":["https:\/\/www.facebook.com\/Athltic-Club-de-Raedersheim-ACR-336128767112821\/"]}]}},"_links":{"self":[{"href":"https:\/\/www.athleticclubraedersheim.fr\/index.php?rest_route=\/wp\/v2\/pages\/87","targetHints":{"allow":["GET"]}}],"collection":[{"href":"https:\/\/www.athleticclubraedersheim.fr\/index.php?rest_route=\/wp\/v2\/pages"}],"about":[{"href":"https:\/\/www.athleticclubraedersheim.fr\/index.php?rest_route=\/wp\/v2\/types\/page"}],"author":[{"embeddable":true,"href":"https:\/\/www.athleticclubraedersheim.fr\/index.php?rest_route=\/wp\/v2\/users\/1"}],"replies":[{"embeddable":true,"href":"https:\/\/www.athleticclubraedersheim.fr\/index.php?rest_route=%2Fwp%2Fv2%2Fcomments&post=87"}],"version-history":[{"count":38,"href":"https:\/\/www.athleticclubraedersheim.fr\/index.php?rest_route=\/wp\/v2\/pages\/87\/revisions"}],"predecessor-version":[{"id":715,"href":"https:\/\/www.athleticclubraedersheim.fr\/index.php?rest_route=\/wp\/v2\/pages\/87\/revisions\/715"}],"up":[{"embeddable":true,"href":"https:\/\/www.athleticclubraedersheim.fr\/index.php?rest_route=\/wp\/v2\/pages\/48"}],"wp:featuredmedia":[{"embeddable":true,"href":"https:\/\/www.athleticclubraedersheim.fr\/index.php?rest_route=\/wp\/v2\/media\/63"}],"wp:attachment":[{"href":"https:\/\/www.athleticclubraedersheim.fr\/index.php?rest_route=%2Fwp%2Fv2%2Fmedia&parent=87"}],"curies":[{"name":"wp","href":"https:\/\/api.w.org\/{rel}","templated":true}]}}