{"id":78,"date":"2022-07-06T14:34:53","date_gmt":"2022-07-06T14:34:53","guid":{"rendered":"http:\/\/athleticclubraedersheim.fr\/?page_id=78"},"modified":"2022-09-14T12:02:43","modified_gmt":"2022-09-14T12:02:43","slug":"histoire-du-club","status":"publish","type":"page","link":"https:\/\/www.athleticclubraedersheim.fr\/?page_id=78","title":{"rendered":"Histoire du club"},"content":{"rendered":"\t\t<div data-elementor-type=\"wp-page\" data-elementor-id=\"78\" class=\"elementor elementor-78\">\n\t\t\t\t\t\t<section class=\"elementor-section elementor-top-section elementor-element elementor-element-74bcf61 elementor-section-boxed elementor-section-height-default elementor-section-height-default\" data-id=\"74bcf61\" data-element_type=\"section\" data-e-type=\"section\">\n\t\t\t\t\t\t<div class=\"elementor-container elementor-column-gap-default\">\n\t\t\t\t\t<div class=\"elementor-column elementor-col-100 elementor-top-column elementor-element elementor-element-0465c4b\" data-id=\"0465c4b\" data-element_type=\"column\" data-e-type=\"column\">\n\t\t\t<div class=\"elementor-widget-wrap elementor-element-populated\">\n\t\t\t\t\t\t<div class=\"elementor-element elementor-element-35bde89 elementor-widget elementor-widget-spacer\" data-id=\"35bde89\" data-element_type=\"widget\" data-e-type=\"widget\" data-widget_type=\"spacer.default\">\n\t\t\t\t<div class=\"elementor-widget-container\">\n\t\t\t\t\t\t\t<div class=\"elementor-spacer\">\n\t\t\t<div class=\"elementor-spacer-inner\"><\/div>\n\t\t<\/div>\n\t\t\t\t\t\t<\/div>\n\t\t\t\t<\/div>\n\t\t\t\t<div class=\"elementor-element elementor-element-d237614 elementor-widget elementor-widget-heading\" data-id=\"d237614\" data-element_type=\"widget\" data-e-type=\"widget\" data-widget_type=\"heading.default\">\n\t\t\t\t<div class=\"elementor-widget-container\">\n\t\t\t\t\t<h1 class=\"elementor-heading-title elementor-size-default\">Athletic Club de Raedersheim (ACR)<\/h1>\t\t\t\t<\/div>\n\t\t\t\t<\/div>\n\t\t\t\t\t<\/div>\n\t\t<\/div>\n\t\t\t\t\t<\/div>\n\t\t<\/section>\n\t\t\t\t<section class=\"elementor-section elementor-top-section elementor-element elementor-element-39bde30 elementor-section-boxed elementor-section-height-default elementor-section-height-default\" data-id=\"39bde30\" data-element_type=\"section\" data-e-type=\"section\">\n\t\t\t\t\t\t<div class=\"elementor-container elementor-column-gap-default\">\n\t\t\t\t\t<div class=\"elementor-column elementor-col-66 elementor-top-column elementor-element elementor-element-a881571\" data-id=\"a881571\" data-element_type=\"column\" data-e-type=\"column\">\n\t\t\t<div class=\"elementor-widget-wrap elementor-element-populated\">\n\t\t\t\t\t\t<div class=\"elementor-element elementor-element-5a62e2c elementor-widget elementor-widget-text-editor\" data-id=\"5a62e2c\" data-element_type=\"widget\" data-e-type=\"widget\" data-widget_type=\"text-editor.default\">\n\t\t\t\t<div class=\"elementor-widget-container\">\n\t\t\t\t\t\t\t\t\t<p>L&#8217;Athletic Club de Raedersheim est un <b>club d&#8217;athl\u00e9tisme situ\u00e9 \u00e0 Raedersheim,<\/b> dans le Haut-Rhin, pr\u00e8s de Guebwiller.\u00a0<\/p><p><span style=\"font-size: inherit;\">Les statuts du club ont \u00e9t\u00e9 d\u00e9pos\u00e9s en <b>novembre 1991<\/b> par Monsieur Etienne et Madame Simone Renaud. A ses d\u00e9buts, le club comptait une vingtaine de licenci\u00e9s, majoritairement des jeunes du villages. Des jeunes venant de villages alentours sont venus agrandir le club.\u00a0<\/span><\/p><p><span style=\"font-size: inherit;\">Le club dispose d&#8217;une <b>salle d&#8217;entra\u00eenement, d&#8217;un stade et d&#8217;une cage de lancers<\/b><\/span><\/p>\t\t\t\t\t\t\t\t<\/div>\n\t\t\t\t<\/div>\n\t\t\t\t<div class=\"elementor-element elementor-element-9439d8a elementor-widget elementor-widget-spacer\" data-id=\"9439d8a\" data-element_type=\"widget\" data-e-type=\"widget\" data-widget_type=\"spacer.default\">\n\t\t\t\t<div class=\"elementor-widget-container\">\n\t\t\t\t\t\t\t<div class=\"elementor-spacer\">\n\t\t\t<div class=\"elementor-spacer-inner\"><\/div>\n\t\t<\/div>\n\t\t\t\t\t\t<\/div>\n\t\t\t\t<\/div>\n\t\t\t\t\t<\/div>\n\t\t<\/div>\n\t\t\t\t<div class=\"elementor-column elementor-col-33 elementor-top-column elementor-element elementor-element-7f8aebd\" data-id=\"7f8aebd\" data-element_type=\"column\" data-e-type=\"column\">\n\t\t\t<div class=\"elementor-widget-wrap elementor-element-populated\">\n\t\t\t\t\t\t<div class=\"elementor-element elementor-element-473583b elementor-widget elementor-widget-spacer\" data-id=\"473583b\" data-element_type=\"widget\" data-e-type=\"widget\" data-widget_type=\"spacer.default\">\n\t\t\t\t<div class=\"elementor-widget-container\">\n\t\t\t\t\t\t\t<div class=\"elementor-spacer\">\n\t\t\t<div class=\"elementor-spacer-inner\"><\/div>\n\t\t<\/div>\n\t\t\t\t\t\t<\/div>\n\t\t\t\t<\/div>\n\t\t\t\t<div class=\"elementor-element elementor-element-20ff439 elementor-widget elementor-widget-image\" data-id=\"20ff439\" data-element_type=\"widget\" data-e-type=\"widget\" data-widget_type=\"image.default\">\n\t\t\t\t<div class=\"elementor-widget-container\">\n\t\t\t\t\t\t\t\t\t\t\t\t\t\t\t<img fetchpriority=\"high\" decoding=\"async\" width=\"750\" height=\"422\" src=\"https:\/\/www.athleticclubraedersheim.fr\/wp-content\/uploads\/2022\/07\/20210525_181422-1024x576.jpg\" class=\"attachment-large size-large wp-image-309\" alt=\"jeunes athl\u00e8tes pendant une s\u00e9ance d&#039;entrainements\" srcset=\"https:\/\/www.athleticclubraedersheim.fr\/wp-content\/uploads\/2022\/07\/20210525_181422-1024x576.jpg 1024w, https:\/\/www.athleticclubraedersheim.fr\/wp-content\/uploads\/2022\/07\/20210525_181422-300x169.jpg 300w, https:\/\/www.athleticclubraedersheim.fr\/wp-content\/uploads\/2022\/07\/20210525_181422-768x432.jpg 768w, https:\/\/www.athleticclubraedersheim.fr\/wp-content\/uploads\/2022\/07\/20210525_181422-1536x864.jpg 1536w, https:\/\/www.athleticclubraedersheim.fr\/wp-content\/uploads\/2022\/07\/20210525_181422-2048x1152.jpg 2048w\" sizes=\"(max-width: 750px) 100vw, 750px\" \/>\t\t\t\t\t\t\t\t\t\t\t\t\t\t\t<\/div>\n\t\t\t\t<\/div>\n\t\t\t\t\t<\/div>\n\t\t<\/div>\n\t\t\t\t\t<\/div>\n\t\t<\/section>\n\t\t\t\t<section class=\"elementor-section elementor-top-section elementor-element elementor-element-316a636 elementor-section-boxed elementor-section-height-default elementor-section-height-default\" data-id=\"316a636\" data-element_type=\"section\" data-e-type=\"section\">\n\t\t\t\t\t\t<div class=\"elementor-container elementor-column-gap-default\">\n\t\t\t\t\t<div class=\"elementor-column elementor-col-33 elementor-top-column elementor-element elementor-element-375a19a\" data-id=\"375a19a\" data-element_type=\"column\" data-e-type=\"column\">\n\t\t\t<div class=\"elementor-widget-wrap elementor-element-populated\">\n\t\t\t\t\t\t<div class=\"elementor-element elementor-element-4bbc6f8 elementor-widget elementor-widget-spacer\" data-id=\"4bbc6f8\" data-element_type=\"widget\" data-e-type=\"widget\" data-widget_type=\"spacer.default\">\n\t\t\t\t<div class=\"elementor-widget-container\">\n\t\t\t\t\t\t\t<div class=\"elementor-spacer\">\n\t\t\t<div class=\"elementor-spacer-inner\"><\/div>\n\t\t<\/div>\n\t\t\t\t\t\t<\/div>\n\t\t\t\t<\/div>\n\t\t\t\t<div class=\"elementor-element elementor-element-e13a9c9 elementor-widget elementor-widget-image\" data-id=\"e13a9c9\" data-element_type=\"widget\" data-e-type=\"widget\" data-widget_type=\"image.default\">\n\t\t\t\t<div class=\"elementor-widget-container\">\n\t\t\t\t\t\t\t\t\t\t\t\t\t\t\t<img decoding=\"async\" width=\"750\" height=\"422\" src=\"https:\/\/www.athleticclubraedersheim.fr\/wp-content\/uploads\/2022\/07\/20211127_141415-1024x576.jpg\" class=\"attachment-large size-large wp-image-317\" alt=\"jeunes athl\u00e8tes pendant un cross\" srcset=\"https:\/\/www.athleticclubraedersheim.fr\/wp-content\/uploads\/2022\/07\/20211127_141415-1024x576.jpg 1024w, https:\/\/www.athleticclubraedersheim.fr\/wp-content\/uploads\/2022\/07\/20211127_141415-300x169.jpg 300w, https:\/\/www.athleticclubraedersheim.fr\/wp-content\/uploads\/2022\/07\/20211127_141415-768x432.jpg 768w, https:\/\/www.athleticclubraedersheim.fr\/wp-content\/uploads\/2022\/07\/20211127_141415-1536x864.jpg 1536w, https:\/\/www.athleticclubraedersheim.fr\/wp-content\/uploads\/2022\/07\/20211127_141415-2048x1152.jpg 2048w\" sizes=\"(max-width: 750px) 100vw, 750px\" \/>\t\t\t\t\t\t\t\t\t\t\t\t\t\t\t<\/div>\n\t\t\t\t<\/div>\n\t\t\t\t\t<\/div>\n\t\t<\/div>\n\t\t\t\t<div class=\"elementor-column elementor-col-66 elementor-top-column elementor-element elementor-element-126e7c2\" data-id=\"126e7c2\" data-element_type=\"column\" data-e-type=\"column\">\n\t\t\t<div class=\"elementor-widget-wrap elementor-element-populated\">\n\t\t\t\t\t\t<div class=\"elementor-element elementor-element-70ba740 elementor-widget elementor-widget-heading\" data-id=\"70ba740\" data-element_type=\"widget\" data-e-type=\"widget\" data-widget_type=\"heading.default\">\n\t\t\t\t<div class=\"elementor-widget-container\">\n\t\t\t\t\t<h3 class=\"elementor-heading-title elementor-size-default\">Quelques chiffres <\/h3>\t\t\t\t<\/div>\n\t\t\t\t<\/div>\n\t\t\t\t<div class=\"elementor-element elementor-element-644af65 elementor-widget elementor-widget-text-editor\" data-id=\"644af65\" data-element_type=\"widget\" data-e-type=\"widget\" data-widget_type=\"text-editor.default\">\n\t\t\t\t<div class=\"elementor-widget-container\">\n\t\t\t\t\t\t\t\t\t<ul><li>78 licenci\u00e9s en 2022<\/li><li>2 entraineurs f\u00e9d\u00e9ral<\/li><li>1 chef juge f\u00e9d\u00e9ral lancer<\/li><li>194 titres de champions d\u2019Alsace<\/li><li>22 s\u00e9lections en \u00e9quipe d\u2019alsace<\/li><li>11 titres de champions de France<\/li><li>4 s\u00e9lections en \u00e9quipe de France<\/li><\/ul>\t\t\t\t\t\t\t\t<\/div>\n\t\t\t\t<\/div>\n\t\t\t\t\t<\/div>\n\t\t<\/div>\n\t\t\t\t\t<\/div>\n\t\t<\/section>\n\t\t\t\t<section class=\"elementor-section elementor-top-section elementor-element elementor-element-a91aece elementor-section-boxed elementor-section-height-default elementor-section-height-default\" data-id=\"a91aece\" data-element_type=\"section\" data-e-type=\"section\">\n\t\t\t\t\t\t<div class=\"elementor-container elementor-column-gap-default\">\n\t\t\t\t\t<div class=\"elementor-column elementor-col-66 elementor-top-column elementor-element elementor-element-5241ab3\" data-id=\"5241ab3\" data-element_type=\"column\" data-e-type=\"column\">\n\t\t\t<div class=\"elementor-widget-wrap elementor-element-populated\">\n\t\t\t\t\t\t<div class=\"elementor-element elementor-element-58c65ea elementor-widget elementor-widget-heading\" data-id=\"58c65ea\" data-element_type=\"widget\" data-e-type=\"widget\" data-widget_type=\"heading.default\">\n\t\t\t\t<div class=\"elementor-widget-container\">\n\t\t\t\t\t<h3 class=\"elementor-heading-title elementor-size-default\">Les valeurs du club <\/h3>\t\t\t\t<\/div>\n\t\t\t\t<\/div>\n\t\t\t\t<div class=\"elementor-element elementor-element-f1acaf8 elementor-widget elementor-widget-text-editor\" data-id=\"f1acaf8\" data-element_type=\"widget\" data-e-type=\"widget\" data-widget_type=\"text-editor.default\">\n\t\t\t\t<div class=\"elementor-widget-container\">\n\t\t\t\t\t\t\t\t\t<p>Le club d&#8217;athl\u00e9tisme de Raedersheim est un <b>club de sport formateur et familial<\/b> ouvert \u00e0 toutes les personnes qui souhaitent pratiquer l&#8217;athl\u00e9tisme en comp\u00e9tition ou en loisir. Le club est tr\u00e8s attach\u00e9 \u00e0 ses valeurs qui sont :<\/p><ul><li>Le partage<\/li><li>Le respect des autres et de soi-m\u00eame<\/li><li>La transmission des valeurs sportives et sociales aux plus jeunes<\/li><\/ul>\t\t\t\t\t\t\t\t<\/div>\n\t\t\t\t<\/div>\n\t\t\t\t<div class=\"elementor-element elementor-element-8778ca2 elementor-widget elementor-widget-spacer\" data-id=\"8778ca2\" data-element_type=\"widget\" data-e-type=\"widget\" data-widget_type=\"spacer.default\">\n\t\t\t\t<div class=\"elementor-widget-container\">\n\t\t\t\t\t\t\t<div class=\"elementor-spacer\">\n\t\t\t<div class=\"elementor-spacer-inner\"><\/div>\n\t\t<\/div>\n\t\t\t\t\t\t<\/div>\n\t\t\t\t<\/div>\n\t\t\t\t\t<\/div>\n\t\t<\/div>\n\t\t\t\t<div class=\"elementor-column elementor-col-33 elementor-top-column elementor-element elementor-element-055d2bf\" data-id=\"055d2bf\" data-element_type=\"column\" data-e-type=\"column\">\n\t\t\t<div class=\"elementor-widget-wrap elementor-element-populated\">\n\t\t\t\t\t\t<div class=\"elementor-element elementor-element-541fcc8 elementor-widget elementor-widget-spacer\" data-id=\"541fcc8\" data-element_type=\"widget\" data-e-type=\"widget\" data-widget_type=\"spacer.default\">\n\t\t\t\t<div class=\"elementor-widget-container\">\n\t\t\t\t\t\t\t<div class=\"elementor-spacer\">\n\t\t\t<div class=\"elementor-spacer-inner\"><\/div>\n\t\t<\/div>\n\t\t\t\t\t\t<\/div>\n\t\t\t\t<\/div>\n\t\t\t\t<div class=\"elementor-element elementor-element-64a73e9 elementor-widget elementor-widget-image\" data-id=\"64a73e9\" data-element_type=\"widget\" data-e-type=\"widget\" data-widget_type=\"image.default\">\n\t\t\t\t<div class=\"elementor-widget-container\">\n\t\t\t\t\t\t\t\t\t\t\t\t\t\t\t<img decoding=\"async\" width=\"750\" height=\"422\" src=\"https:\/\/www.athleticclubraedersheim.fr\/wp-content\/uploads\/2022\/07\/20211005_181459-1024x576.jpg\" class=\"attachment-large size-large wp-image-314\" alt=\"Jeunes athl\u00e8tes en rond dans une salle de sport\" srcset=\"https:\/\/www.athleticclubraedersheim.fr\/wp-content\/uploads\/2022\/07\/20211005_181459-1024x576.jpg 1024w, https:\/\/www.athleticclubraedersheim.fr\/wp-content\/uploads\/2022\/07\/20211005_181459-300x169.jpg 300w, https:\/\/www.athleticclubraedersheim.fr\/wp-content\/uploads\/2022\/07\/20211005_181459-768x432.jpg 768w, https:\/\/www.athleticclubraedersheim.fr\/wp-content\/uploads\/2022\/07\/20211005_181459-1536x864.jpg 1536w, https:\/\/www.athleticclubraedersheim.fr\/wp-content\/uploads\/2022\/07\/20211005_181459-2048x1152.jpg 2048w\" sizes=\"(max-width: 750px) 100vw, 750px\" \/>\t\t\t\t\t\t\t\t\t\t\t\t\t\t\t<\/div>\n\t\t\t\t<\/div>\n\t\t\t\t<div class=\"elementor-element elementor-element-09db3c9 elementor-widget elementor-widget-spacer\" data-id=\"09db3c9\" data-element_type=\"widget\" data-e-type=\"widget\" data-widget_type=\"spacer.default\">\n\t\t\t\t<div class=\"elementor-widget-container\">\n\t\t\t\t\t\t\t<div class=\"elementor-spacer\">\n\t\t\t<div class=\"elementor-spacer-inner\"><\/div>\n\t\t<\/div>\n\t\t\t\t\t\t<\/div>\n\t\t\t\t<\/div>\n\t\t\t\t\t<\/div>\n\t\t<\/div>\n\t\t\t\t\t<\/div>\n\t\t<\/section>\n\t\t\t\t<\/div>\n\t\t","protected":false},"excerpt":{"rendered":"<p>Athletic Club de Raedersheim (ACR) L&#8217;Athletic Club de Raedersheim est un club d&#8217;athl\u00e9tisme situ\u00e9 \u00e0 Raedersheim, dans le Haut-Rhin, pr\u00e8s de Guebwiller.\u00a0 Les statuts du club ont \u00e9t\u00e9 d\u00e9pos\u00e9s en novembre 1991 par Monsieur Etienne et Madame Simone Renaud. A ses d\u00e9buts, le club comptait une vingtaine de licenci\u00e9s, majoritairement [&hellip;]<\/p>\n","protected":false},"author":1,"featured_media":320,"parent":45,"menu_order":0,"comment_status":"closed","ping_status":"closed","template":"page-templates\/template-fullwidth.php","meta":{"footnotes":""},"class_list":["post-78","page","type-page","status-publish","has-post-thumbnail","hentry"],"yoast_head":"<!-- This site is optimized with the Yoast SEO plugin v27.5 - https:\/\/yoast.com\/product\/yoast-seo-wordpress\/ -->\n<title>Histoire du club - Athletic Club Raedersheim<\/title>\n<meta name=\"description\" content=\"Le club d&#039;athl\u00e9tisme de Raedersheim a \u00e9t\u00e9 cr\u00e9e en 1991. Depuis ce jour, le club n&#039;a cess\u00e9 d&#039;\u00e9voluer et de voir de naitre de grands athl\u00e8tes.\" \/>\n<meta name=\"robots\" content=\"index, follow, max-snippet:-1, max-image-preview:large, max-video-preview:-1\" \/>\n<link rel=\"canonical\" href=\"https:\/\/www.athleticclubraedersheim.fr\/le-club\/histoire-du-club\" \/>\n<meta property=\"og:locale\" content=\"fr_FR\" \/>\n<meta property=\"og:type\" content=\"article\" \/>\n<meta property=\"og:title\" content=\"Histoire du club - Athletic Club Raedersheim\" \/>\n<meta property=\"og:description\" content=\"Le club d&#039;athl\u00e9tisme de Raedersheim a \u00e9t\u00e9 cr\u00e9e en 1991. Depuis ce jour, le club n&#039;a cess\u00e9 d&#039;\u00e9voluer et de voir de naitre de grands athl\u00e8tes.\" \/>\n<meta property=\"og:url\" content=\"https:\/\/www.athleticclubraedersheim.fr\/le-club\/histoire-du-club\" \/>\n<meta property=\"og:site_name\" content=\"Athletic Club Raedersheim\" \/>\n<meta property=\"article:publisher\" content=\"https:\/\/www.facebook.com\/Athltic-Club-de-Raedersheim-ACR-336128767112821\/\" \/>\n<meta property=\"article:modified_time\" content=\"2022-09-14T12:02:43+00:00\" \/>\n<meta property=\"og:image\" content=\"https:\/\/www.athleticclubraedersheim.fr\/wp-content\/uploads\/2022\/07\/20220106_190733-scaled.jpg\" \/>\n\t<meta property=\"og:image:width\" content=\"2560\" \/>\n\t<meta property=\"og:image:height\" content=\"1440\" \/>\n\t<meta property=\"og:image:type\" content=\"image\/jpeg\" \/>\n<meta name=\"twitter:card\" content=\"summary_large_image\" \/>\n<meta name=\"twitter:label1\" content=\"Dur\u00e9e de lecture estim\u00e9e\" \/>\n\t<meta name=\"twitter:data1\" content=\"2 minutes\" \/>\n<script type=\"application\/ld+json\" class=\"yoast-schema-graph\">{\"@context\":\"https:\\\/\\\/schema.org\",\"@graph\":[{\"@type\":\"WebPage\",\"@id\":\"https:\\\/\\\/www.athleticclubraedersheim.fr\\\/?page_id=78\",\"url\":\"https:\\\/\\\/www.athleticclubraedersheim.fr\\\/le-club\\\/histoire-du-club\",\"name\":\"Histoire du club - Athletic Club Raedersheim\",\"isPartOf\":{\"@id\":\"https:\\\/\\\/www.athleticclubraedersheim.fr\\\/#website\"},\"primaryImageOfPage\":{\"@id\":\"https:\\\/\\\/www.athleticclubraedersheim.fr\\\/le-club\\\/histoire-du-club#primaryimage\"},\"image\":{\"@id\":\"https:\\\/\\\/www.athleticclubraedersheim.fr\\\/le-club\\\/histoire-du-club#primaryimage\"},\"thumbnailUrl\":\"https:\\\/\\\/www.athleticclubraedersheim.fr\\\/wp-content\\\/uploads\\\/2022\\\/07\\\/20220106_190733-scaled.jpg\",\"datePublished\":\"2022-07-06T14:34:53+00:00\",\"dateModified\":\"2022-09-14T12:02:43+00:00\",\"description\":\"Le club d'athl\u00e9tisme de Raedersheim a \u00e9t\u00e9 cr\u00e9e en 1991. Depuis ce jour, le club n'a cess\u00e9 d'\u00e9voluer et de voir de naitre de grands athl\u00e8tes.\",\"breadcrumb\":{\"@id\":\"https:\\\/\\\/www.athleticclubraedersheim.fr\\\/le-club\\\/histoire-du-club#breadcrumb\"},\"inLanguage\":\"fr-FR\",\"potentialAction\":[{\"@type\":\"ReadAction\",\"target\":[\"https:\\\/\\\/www.athleticclubraedersheim.fr\\\/le-club\\\/histoire-du-club\"]}]},{\"@type\":\"ImageObject\",\"inLanguage\":\"fr-FR\",\"@id\":\"https:\\\/\\\/www.athleticclubraedersheim.fr\\\/le-club\\\/histoire-du-club#primaryimage\",\"url\":\"https:\\\/\\\/www.athleticclubraedersheim.fr\\\/wp-content\\\/uploads\\\/2022\\\/07\\\/20220106_190733-scaled.jpg\",\"contentUrl\":\"https:\\\/\\\/www.athleticclubraedersheim.fr\\\/wp-content\\\/uploads\\\/2022\\\/07\\\/20220106_190733-scaled.jpg\",\"width\":2560,\"height\":1440,\"caption\":\"athl\u00e8tes de raedersheim pendant en entrainement d'athl\u00e9tisme\"},{\"@type\":\"BreadcrumbList\",\"@id\":\"https:\\\/\\\/www.athleticclubraedersheim.fr\\\/le-club\\\/histoire-du-club#breadcrumb\",\"itemListElement\":[{\"@type\":\"ListItem\",\"position\":1,\"name\":\"Accueil\",\"item\":\"https:\\\/\\\/www.athleticclubraedersheim.fr\\\/\"},{\"@type\":\"ListItem\",\"position\":2,\"name\":\"Le club\",\"item\":\"https:\\\/\\\/www.athleticclubraedersheim.fr\\\/?page_id=45\"},{\"@type\":\"ListItem\",\"position\":3,\"name\":\"Histoire du club\"}]},{\"@type\":\"WebSite\",\"@id\":\"https:\\\/\\\/www.athleticclubraedersheim.fr\\\/#website\",\"url\":\"https:\\\/\\\/www.athleticclubraedersheim.fr\\\/\",\"name\":\"Athletic Club Raedersheim\",\"description\":\"AC Raedersheim \",\"publisher\":{\"@id\":\"https:\\\/\\\/www.athleticclubraedersheim.fr\\\/#organization\"},\"potentialAction\":[{\"@type\":\"SearchAction\",\"target\":{\"@type\":\"EntryPoint\",\"urlTemplate\":\"https:\\\/\\\/www.athleticclubraedersheim.fr\\\/?s={search_term_string}\"},\"query-input\":{\"@type\":\"PropertyValueSpecification\",\"valueRequired\":true,\"valueName\":\"search_term_string\"}}],\"inLanguage\":\"fr-FR\"},{\"@type\":\"Organization\",\"@id\":\"https:\\\/\\\/www.athleticclubraedersheim.fr\\\/#organization\",\"name\":\"ACR\",\"url\":\"https:\\\/\\\/www.athleticclubraedersheim.fr\\\/\",\"logo\":{\"@type\":\"ImageObject\",\"inLanguage\":\"fr-FR\",\"@id\":\"https:\\\/\\\/www.athleticclubraedersheim.fr\\\/#\\\/schema\\\/logo\\\/image\\\/\",\"url\":\"http:\\\/\\\/athleticclubraedersheim.fr\\\/wp-content\\\/uploads\\\/2022\\\/07\\\/telechargement-2.png\",\"contentUrl\":\"http:\\\/\\\/athleticclubraedersheim.fr\\\/wp-content\\\/uploads\\\/2022\\\/07\\\/telechargement-2.png\",\"width\":225,\"height\":225,\"caption\":\"ACR\"},\"image\":{\"@id\":\"https:\\\/\\\/www.athleticclubraedersheim.fr\\\/#\\\/schema\\\/logo\\\/image\\\/\"},\"sameAs\":[\"https:\\\/\\\/www.facebook.com\\\/Athltic-Club-de-Raedersheim-ACR-336128767112821\\\/\"]}]}<\/script>\n<!-- \/ Yoast SEO plugin. -->","yoast_head_json":{"title":"Histoire du club - Athletic Club Raedersheim","description":"Le club d'athl\u00e9tisme de Raedersheim a \u00e9t\u00e9 cr\u00e9e en 1991. Depuis ce jour, le club n'a cess\u00e9 d'\u00e9voluer et de voir de naitre de grands athl\u00e8tes.","robots":{"index":"index","follow":"follow","max-snippet":"max-snippet:-1","max-image-preview":"max-image-preview:large","max-video-preview":"max-video-preview:-1"},"canonical":"https:\/\/www.athleticclubraedersheim.fr\/le-club\/histoire-du-club","og_locale":"fr_FR","og_type":"article","og_title":"Histoire du club - Athletic Club Raedersheim","og_description":"Le club d'athl\u00e9tisme de Raedersheim a \u00e9t\u00e9 cr\u00e9e en 1991. Depuis ce jour, le club n'a cess\u00e9 d'\u00e9voluer et de voir de naitre de grands athl\u00e8tes.","og_url":"https:\/\/www.athleticclubraedersheim.fr\/le-club\/histoire-du-club","og_site_name":"Athletic Club Raedersheim","article_publisher":"https:\/\/www.facebook.com\/Athltic-Club-de-Raedersheim-ACR-336128767112821\/","article_modified_time":"2022-09-14T12:02:43+00:00","og_image":[{"width":2560,"height":1440,"url":"https:\/\/www.athleticclubraedersheim.fr\/wp-content\/uploads\/2022\/07\/20220106_190733-scaled.jpg","type":"image\/jpeg"}],"twitter_card":"summary_large_image","twitter_misc":{"Dur\u00e9e de lecture estim\u00e9e":"2 minutes"},"schema":{"@context":"https:\/\/schema.org","@graph":[{"@type":"WebPage","@id":"https:\/\/www.athleticclubraedersheim.fr\/?page_id=78","url":"https:\/\/www.athleticclubraedersheim.fr\/le-club\/histoire-du-club","name":"Histoire du club - Athletic Club Raedersheim","isPartOf":{"@id":"https:\/\/www.athleticclubraedersheim.fr\/#website"},"primaryImageOfPage":{"@id":"https:\/\/www.athleticclubraedersheim.fr\/le-club\/histoire-du-club#primaryimage"},"image":{"@id":"https:\/\/www.athleticclubraedersheim.fr\/le-club\/histoire-du-club#primaryimage"},"thumbnailUrl":"https:\/\/www.athleticclubraedersheim.fr\/wp-content\/uploads\/2022\/07\/20220106_190733-scaled.jpg","datePublished":"2022-07-06T14:34:53+00:00","dateModified":"2022-09-14T12:02:43+00:00","description":"Le club d'athl\u00e9tisme de Raedersheim a \u00e9t\u00e9 cr\u00e9e en 1991. Depuis ce jour, le club n'a cess\u00e9 d'\u00e9voluer et de voir de naitre de grands athl\u00e8tes.","breadcrumb":{"@id":"https:\/\/www.athleticclubraedersheim.fr\/le-club\/histoire-du-club#breadcrumb"},"inLanguage":"fr-FR","potentialAction":[{"@type":"ReadAction","target":["https:\/\/www.athleticclubraedersheim.fr\/le-club\/histoire-du-club"]}]},{"@type":"ImageObject","inLanguage":"fr-FR","@id":"https:\/\/www.athleticclubraedersheim.fr\/le-club\/histoire-du-club#primaryimage","url":"https:\/\/www.athleticclubraedersheim.fr\/wp-content\/uploads\/2022\/07\/20220106_190733-scaled.jpg","contentUrl":"https:\/\/www.athleticclubraedersheim.fr\/wp-content\/uploads\/2022\/07\/20220106_190733-scaled.jpg","width":2560,"height":1440,"caption":"athl\u00e8tes de raedersheim pendant en entrainement d'athl\u00e9tisme"},{"@type":"BreadcrumbList","@id":"https:\/\/www.athleticclubraedersheim.fr\/le-club\/histoire-du-club#breadcrumb","itemListElement":[{"@type":"ListItem","position":1,"name":"Accueil","item":"https:\/\/www.athleticclubraedersheim.fr\/"},{"@type":"ListItem","position":2,"name":"Le club","item":"https:\/\/www.athleticclubraedersheim.fr\/?page_id=45"},{"@type":"ListItem","position":3,"name":"Histoire du club"}]},{"@type":"WebSite","@id":"https:\/\/www.athleticclubraedersheim.fr\/#website","url":"https:\/\/www.athleticclubraedersheim.fr\/","name":"Athletic Club Raedersheim","description":"AC Raedersheim ","publisher":{"@id":"https:\/\/www.athleticclubraedersheim.fr\/#organization"},"potentialAction":[{"@type":"SearchAction","target":{"@type":"EntryPoint","urlTemplate":"https:\/\/www.athleticclubraedersheim.fr\/?s={search_term_string}"},"query-input":{"@type":"PropertyValueSpecification","valueRequired":true,"valueName":"search_term_string"}}],"inLanguage":"fr-FR"},{"@type":"Organization","@id":"https:\/\/www.athleticclubraedersheim.fr\/#organization","name":"ACR","url":"https:\/\/www.athleticclubraedersheim.fr\/","logo":{"@type":"ImageObject","inLanguage":"fr-FR","@id":"https:\/\/www.athleticclubraedersheim.fr\/#\/schema\/logo\/image\/","url":"http:\/\/athleticclubraedersheim.fr\/wp-content\/uploads\/2022\/07\/telechargement-2.png","contentUrl":"http:\/\/athleticclubraedersheim.fr\/wp-content\/uploads\/2022\/07\/telechargement-2.png","width":225,"height":225,"caption":"ACR"},"image":{"@id":"https:\/\/www.athleticclubraedersheim.fr\/#\/schema\/logo\/image\/"},"sameAs":["https:\/\/www.facebook.com\/Athltic-Club-de-Raedersheim-ACR-336128767112821\/"]}]}},"_links":{"self":[{"href":"https:\/\/www.athleticclubraedersheim.fr\/index.php?rest_route=\/wp\/v2\/pages\/78","targetHints":{"allow":["GET"]}}],"collection":[{"href":"https:\/\/www.athleticclubraedersheim.fr\/index.php?rest_route=\/wp\/v2\/pages"}],"about":[{"href":"https:\/\/www.athleticclubraedersheim.fr\/index.php?rest_route=\/wp\/v2\/types\/page"}],"author":[{"embeddable":true,"href":"https:\/\/www.athleticclubraedersheim.fr\/index.php?rest_route=\/wp\/v2\/users\/1"}],"replies":[{"embeddable":true,"href":"https:\/\/www.athleticclubraedersheim.fr\/index.php?rest_route=%2Fwp%2Fv2%2Fcomments&post=78"}],"version-history":[{"count":59,"href":"https:\/\/www.athleticclubraedersheim.fr\/index.php?rest_route=\/wp\/v2\/pages\/78\/revisions"}],"predecessor-version":[{"id":707,"href":"https:\/\/www.athleticclubraedersheim.fr\/index.php?rest_route=\/wp\/v2\/pages\/78\/revisions\/707"}],"up":[{"embeddable":true,"href":"https:\/\/www.athleticclubraedersheim.fr\/index.php?rest_route=\/wp\/v2\/pages\/45"}],"wp:featuredmedia":[{"embeddable":true,"href":"https:\/\/www.athleticclubraedersheim.fr\/index.php?rest_route=\/wp\/v2\/media\/320"}],"wp:attachment":[{"href":"https:\/\/www.athleticclubraedersheim.fr\/index.php?rest_route=%2Fwp%2Fv2%2Fmedia&parent=78"}],"curies":[{"name":"wp","href":"https:\/\/api.w.org\/{rel}","templated":true}]}}