{"id":105,"date":"2022-07-06T14:37:24","date_gmt":"2022-07-06T14:37:24","guid":{"rendered":"http:\/\/athleticclubraedersheim.fr\/?page_id=105"},"modified":"2022-09-20T18:34:07","modified_gmt":"2022-09-20T18:34:07","slug":"formulaire-dinscription","status":"publish","type":"page","link":"https:\/\/www.athleticclubraedersheim.fr\/?page_id=105","title":{"rendered":"Formulaire d&#8217;inscription"},"content":{"rendered":"\t\t<div data-elementor-type=\"wp-page\" data-elementor-id=\"105\" class=\"elementor elementor-105\">\n\t\t\t\t\t\t<section class=\"elementor-section elementor-top-section elementor-element elementor-element-5e7fac1 elementor-section-boxed elementor-section-height-default elementor-section-height-default\" data-id=\"5e7fac1\" data-element_type=\"section\" data-e-type=\"section\">\n\t\t\t\t\t\t<div class=\"elementor-container elementor-column-gap-default\">\n\t\t\t\t\t<div class=\"elementor-column elementor-col-100 elementor-top-column elementor-element elementor-element-558c646\" data-id=\"558c646\" data-element_type=\"column\" data-e-type=\"column\">\n\t\t\t<div class=\"elementor-widget-wrap elementor-element-populated\">\n\t\t\t\t\t\t<div class=\"elementor-element elementor-element-19ae455 elementor-widget elementor-widget-heading\" data-id=\"19ae455\" data-element_type=\"widget\" data-e-type=\"widget\" data-widget_type=\"heading.default\">\n\t\t\t\t<div class=\"elementor-widget-container\">\n\t\t\t\t\t<h2 class=\"elementor-heading-title elementor-size-default\">Premi\u00e8re inscription et renouvellement de licence<\/h2>\t\t\t\t<\/div>\n\t\t\t\t<\/div>\n\t\t\t\t\t<\/div>\n\t\t<\/div>\n\t\t\t\t\t<\/div>\n\t\t<\/section>\n\t\t\t\t<section class=\"elementor-section elementor-top-section elementor-element elementor-element-ffc9924 elementor-section-boxed elementor-section-height-default elementor-section-height-default\" data-id=\"ffc9924\" data-element_type=\"section\" data-e-type=\"section\">\n\t\t\t\t\t\t<div class=\"elementor-container elementor-column-gap-default\">\n\t\t\t\t\t<div class=\"elementor-column elementor-col-50 elementor-top-column elementor-element elementor-element-e099861\" data-id=\"e099861\" data-element_type=\"column\" data-e-type=\"column\">\n\t\t\t<div class=\"elementor-widget-wrap elementor-element-populated\">\n\t\t\t\t\t\t<div class=\"elementor-element elementor-element-e79b57d elementor-widget elementor-widget-text-editor\" data-id=\"e79b57d\" data-element_type=\"widget\" data-e-type=\"widget\" data-widget_type=\"text-editor.default\">\n\t\t\t\t<div class=\"elementor-widget-container\">\n\t\t\t\t\t\t\t\t\t<p><span>Si vous souhaitez prendre une premi\u00e8re licence ou renouveler votre licence, merci de compl\u00e9ter le formulaire disponible \u00e0 l&#8217;adresse suivante :\u00a0<\/span><a href=\"https:\/\/forms.gle\/MZ6BDuc2fAXJkhAK8\" target=\"_blank\" rel=\"noopener\">https:\/\/forms.gle\/MZ6BDuc2fAXJkhAK8<\/a><\/p>\t\t\t\t\t\t\t\t<\/div>\n\t\t\t\t<\/div>\n\t\t\t\t<div class=\"elementor-element elementor-element-f79f121 elementor-widget elementor-widget-spacer\" data-id=\"f79f121\" data-element_type=\"widget\" data-e-type=\"widget\" data-widget_type=\"spacer.default\">\n\t\t\t\t<div class=\"elementor-widget-container\">\n\t\t\t\t\t\t\t<div class=\"elementor-spacer\">\n\t\t\t<div class=\"elementor-spacer-inner\"><\/div>\n\t\t<\/div>\n\t\t\t\t\t\t<\/div>\n\t\t\t\t<\/div>\n\t\t\t\t<div class=\"elementor-element elementor-element-42f69a3 elementor-widget elementor-widget-spacer\" data-id=\"42f69a3\" data-element_type=\"widget\" data-e-type=\"widget\" data-widget_type=\"spacer.default\">\n\t\t\t\t<div class=\"elementor-widget-container\">\n\t\t\t\t\t\t\t<div class=\"elementor-spacer\">\n\t\t\t<div class=\"elementor-spacer-inner\"><\/div>\n\t\t<\/div>\n\t\t\t\t\t\t<\/div>\n\t\t\t\t<\/div>\n\t\t\t\t\t<\/div>\n\t\t<\/div>\n\t\t\t\t<div class=\"elementor-column elementor-col-50 elementor-top-column elementor-element elementor-element-942b8b1\" data-id=\"942b8b1\" data-element_type=\"column\" data-e-type=\"column\">\n\t\t\t<div class=\"elementor-widget-wrap elementor-element-populated\">\n\t\t\t\t\t\t<div class=\"elementor-element elementor-element-6762583 elementor-widget elementor-widget-image\" data-id=\"6762583\" data-element_type=\"widget\" data-e-type=\"widget\" data-widget_type=\"image.default\">\n\t\t\t\t<div class=\"elementor-widget-container\">\n\t\t\t\t\t\t\t\t\t\t\t\t\t\t\t<img decoding=\"async\" width=\"390\" height=\"120\" src=\"https:\/\/www.athleticclubraedersheim.fr\/wp-content\/uploads\/2022\/09\/cartelicence2023.jpg\" class=\"attachment-large size-large wp-image-749\" alt=\"licence athletisme\" srcset=\"https:\/\/www.athleticclubraedersheim.fr\/wp-content\/uploads\/2022\/09\/cartelicence2023.jpg 390w, https:\/\/www.athleticclubraedersheim.fr\/wp-content\/uploads\/2022\/09\/cartelicence2023-300x92.jpg 300w\" sizes=\"(max-width: 390px) 100vw, 390px\" \/>\t\t\t\t\t\t\t\t\t\t\t\t\t\t\t<\/div>\n\t\t\t\t<\/div>\n\t\t\t\t<div class=\"elementor-element elementor-element-b2a4489 elementor-widget elementor-widget-spacer\" data-id=\"b2a4489\" data-element_type=\"widget\" data-e-type=\"widget\" data-widget_type=\"spacer.default\">\n\t\t\t\t<div class=\"elementor-widget-container\">\n\t\t\t\t\t\t\t<div class=\"elementor-spacer\">\n\t\t\t<div class=\"elementor-spacer-inner\"><\/div>\n\t\t<\/div>\n\t\t\t\t\t\t<\/div>\n\t\t\t\t<\/div>\n\t\t\t\t<div class=\"elementor-element elementor-element-f6c9b08 elementor-widget elementor-widget-spacer\" data-id=\"f6c9b08\" data-element_type=\"widget\" data-e-type=\"widget\" data-widget_type=\"spacer.default\">\n\t\t\t\t<div class=\"elementor-widget-container\">\n\t\t\t\t\t\t\t<div class=\"elementor-spacer\">\n\t\t\t<div class=\"elementor-spacer-inner\"><\/div>\n\t\t<\/div>\n\t\t\t\t\t\t<\/div>\n\t\t\t\t<\/div>\n\t\t\t\t\t<\/div>\n\t\t<\/div>\n\t\t\t\t\t<\/div>\n\t\t<\/section>\n\t\t\t\t<\/div>\n\t\t","protected":false},"excerpt":{"rendered":"<p>Premi\u00e8re inscription et renouvellement de licence Si vous souhaitez prendre une premi\u00e8re licence ou renouveler votre licence, merci de compl\u00e9ter le formulaire disponible \u00e0 l&#8217;adresse suivante :\u00a0https:\/\/forms.gle\/MZ6BDuc2fAXJkhAK8<\/p>\n","protected":false},"author":1,"featured_media":306,"parent":54,"menu_order":0,"comment_status":"closed","ping_status":"closed","template":"page-templates\/template-fullwidth.php","meta":{"footnotes":""},"class_list":["post-105","page","type-page","status-publish","has-post-thumbnail","hentry"],"yoast_head":"<!-- This site is optimized with the Yoast SEO plugin v27.5 - https:\/\/yoast.com\/product\/yoast-seo-wordpress\/ -->\n<title>Formulaire d&#039;inscription - Athletic Club Raedersheim<\/title>\n<meta name=\"description\" content=\"Utilisez le formulaire d&#039;inscription pour choisir votre licence et vous inscrire au club d&#039;athl\u00e9tisme de Raedersheim\" \/>\n<meta name=\"robots\" content=\"index, follow, max-snippet:-1, max-image-preview:large, max-video-preview:-1\" \/>\n<link rel=\"canonical\" href=\"https:\/\/www.athleticclubraedersheim.fr\/?page_id=105\" \/>\n<meta property=\"og:locale\" content=\"fr_FR\" \/>\n<meta property=\"og:type\" content=\"article\" \/>\n<meta property=\"og:title\" content=\"Formulaire d&#039;inscription - Athletic Club Raedersheim\" \/>\n<meta property=\"og:description\" content=\"Utilisez le formulaire d&#039;inscription pour choisir votre licence et vous inscrire au club d&#039;athl\u00e9tisme de Raedersheim\" \/>\n<meta property=\"og:url\" content=\"https:\/\/www.athleticclubraedersheim.fr\/?page_id=105\" \/>\n<meta property=\"og:site_name\" content=\"Athletic Club Raedersheim\" \/>\n<meta property=\"article:publisher\" content=\"https:\/\/www.facebook.com\/Athltic-Club-de-Raedersheim-ACR-336128767112821\/\" \/>\n<meta property=\"article:modified_time\" content=\"2022-09-20T18:34:07+00:00\" \/>\n<meta property=\"og:image\" content=\"https:\/\/www.athleticclubraedersheim.fr\/wp-content\/uploads\/2022\/07\/20210701_181303-1-scaled.jpg\" \/>\n\t<meta property=\"og:image:width\" content=\"2560\" \/>\n\t<meta property=\"og:image:height\" content=\"1440\" \/>\n\t<meta property=\"og:image:type\" content=\"image\/jpeg\" \/>\n<meta name=\"twitter:card\" content=\"summary_large_image\" \/>\n<meta name=\"twitter:label1\" content=\"Dur\u00e9e de lecture estim\u00e9e\" \/>\n\t<meta name=\"twitter:data1\" content=\"1 minute\" \/>\n<script type=\"application\/ld+json\" class=\"yoast-schema-graph\">{\"@context\":\"https:\\\/\\\/schema.org\",\"@graph\":[{\"@type\":\"WebPage\",\"@id\":\"https:\\\/\\\/www.athleticclubraedersheim.fr\\\/?page_id=105\",\"url\":\"https:\\\/\\\/www.athleticclubraedersheim.fr\\\/?page_id=105\",\"name\":\"Formulaire d'inscription - Athletic Club Raedersheim\",\"isPartOf\":{\"@id\":\"https:\\\/\\\/www.athleticclubraedersheim.fr\\\/#website\"},\"primaryImageOfPage\":{\"@id\":\"https:\\\/\\\/www.athleticclubraedersheim.fr\\\/?page_id=105#primaryimage\"},\"image\":{\"@id\":\"https:\\\/\\\/www.athleticclubraedersheim.fr\\\/?page_id=105#primaryimage\"},\"thumbnailUrl\":\"https:\\\/\\\/www.athleticclubraedersheim.fr\\\/wp-content\\\/uploads\\\/2022\\\/07\\\/20210701_181303-1-scaled.jpg\",\"datePublished\":\"2022-07-06T14:37:24+00:00\",\"dateModified\":\"2022-09-20T18:34:07+00:00\",\"description\":\"Utilisez le formulaire d'inscription pour choisir votre licence et vous inscrire au club d'athl\u00e9tisme de Raedersheim\",\"breadcrumb\":{\"@id\":\"https:\\\/\\\/www.athleticclubraedersheim.fr\\\/?page_id=105#breadcrumb\"},\"inLanguage\":\"fr-FR\",\"potentialAction\":[{\"@type\":\"ReadAction\",\"target\":[\"https:\\\/\\\/www.athleticclubraedersheim.fr\\\/?page_id=105\"]}]},{\"@type\":\"ImageObject\",\"inLanguage\":\"fr-FR\",\"@id\":\"https:\\\/\\\/www.athleticclubraedersheim.fr\\\/?page_id=105#primaryimage\",\"url\":\"https:\\\/\\\/www.athleticclubraedersheim.fr\\\/wp-content\\\/uploads\\\/2022\\\/07\\\/20210701_181303-1-scaled.jpg\",\"contentUrl\":\"https:\\\/\\\/www.athleticclubraedersheim.fr\\\/wp-content\\\/uploads\\\/2022\\\/07\\\/20210701_181303-1-scaled.jpg\",\"width\":2560,\"height\":1440,\"caption\":\"jeunes pendant un entrainements d'athl\u00e9tisme\"},{\"@type\":\"BreadcrumbList\",\"@id\":\"https:\\\/\\\/www.athleticclubraedersheim.fr\\\/?page_id=105#breadcrumb\",\"itemListElement\":[{\"@type\":\"ListItem\",\"position\":1,\"name\":\"Accueil\",\"item\":\"https:\\\/\\\/www.athleticclubraedersheim.fr\\\/\"},{\"@type\":\"ListItem\",\"position\":2,\"name\":\"Licence\",\"item\":\"https:\\\/\\\/www.athleticclubraedersheim.fr\\\/?page_id=54\"},{\"@type\":\"ListItem\",\"position\":3,\"name\":\"Formulaire d&#8217;inscription\"}]},{\"@type\":\"WebSite\",\"@id\":\"https:\\\/\\\/www.athleticclubraedersheim.fr\\\/#website\",\"url\":\"https:\\\/\\\/www.athleticclubraedersheim.fr\\\/\",\"name\":\"Athletic Club Raedersheim\",\"description\":\"AC Raedersheim \",\"publisher\":{\"@id\":\"https:\\\/\\\/www.athleticclubraedersheim.fr\\\/#organization\"},\"potentialAction\":[{\"@type\":\"SearchAction\",\"target\":{\"@type\":\"EntryPoint\",\"urlTemplate\":\"https:\\\/\\\/www.athleticclubraedersheim.fr\\\/?s={search_term_string}\"},\"query-input\":{\"@type\":\"PropertyValueSpecification\",\"valueRequired\":true,\"valueName\":\"search_term_string\"}}],\"inLanguage\":\"fr-FR\"},{\"@type\":\"Organization\",\"@id\":\"https:\\\/\\\/www.athleticclubraedersheim.fr\\\/#organization\",\"name\":\"ACR\",\"url\":\"https:\\\/\\\/www.athleticclubraedersheim.fr\\\/\",\"logo\":{\"@type\":\"ImageObject\",\"inLanguage\":\"fr-FR\",\"@id\":\"https:\\\/\\\/www.athleticclubraedersheim.fr\\\/#\\\/schema\\\/logo\\\/image\\\/\",\"url\":\"http:\\\/\\\/athleticclubraedersheim.fr\\\/wp-content\\\/uploads\\\/2022\\\/07\\\/telechargement-2.png\",\"contentUrl\":\"http:\\\/\\\/athleticclubraedersheim.fr\\\/wp-content\\\/uploads\\\/2022\\\/07\\\/telechargement-2.png\",\"width\":225,\"height\":225,\"caption\":\"ACR\"},\"image\":{\"@id\":\"https:\\\/\\\/www.athleticclubraedersheim.fr\\\/#\\\/schema\\\/logo\\\/image\\\/\"},\"sameAs\":[\"https:\\\/\\\/www.facebook.com\\\/Athltic-Club-de-Raedersheim-ACR-336128767112821\\\/\"]}]}<\/script>\n<!-- \/ Yoast SEO plugin. -->","yoast_head_json":{"title":"Formulaire d'inscription - Athletic Club Raedersheim","description":"Utilisez le formulaire d'inscription pour choisir votre licence et vous inscrire au club d'athl\u00e9tisme de Raedersheim","robots":{"index":"index","follow":"follow","max-snippet":"max-snippet:-1","max-image-preview":"max-image-preview:large","max-video-preview":"max-video-preview:-1"},"canonical":"https:\/\/www.athleticclubraedersheim.fr\/?page_id=105","og_locale":"fr_FR","og_type":"article","og_title":"Formulaire d'inscription - Athletic Club Raedersheim","og_description":"Utilisez le formulaire d'inscription pour choisir votre licence et vous inscrire au club d'athl\u00e9tisme de Raedersheim","og_url":"https:\/\/www.athleticclubraedersheim.fr\/?page_id=105","og_site_name":"Athletic Club Raedersheim","article_publisher":"https:\/\/www.facebook.com\/Athltic-Club-de-Raedersheim-ACR-336128767112821\/","article_modified_time":"2022-09-20T18:34:07+00:00","og_image":[{"width":2560,"height":1440,"url":"https:\/\/www.athleticclubraedersheim.fr\/wp-content\/uploads\/2022\/07\/20210701_181303-1-scaled.jpg","type":"image\/jpeg"}],"twitter_card":"summary_large_image","twitter_misc":{"Dur\u00e9e de lecture estim\u00e9e":"1 minute"},"schema":{"@context":"https:\/\/schema.org","@graph":[{"@type":"WebPage","@id":"https:\/\/www.athleticclubraedersheim.fr\/?page_id=105","url":"https:\/\/www.athleticclubraedersheim.fr\/?page_id=105","name":"Formulaire d'inscription - Athletic Club Raedersheim","isPartOf":{"@id":"https:\/\/www.athleticclubraedersheim.fr\/#website"},"primaryImageOfPage":{"@id":"https:\/\/www.athleticclubraedersheim.fr\/?page_id=105#primaryimage"},"image":{"@id":"https:\/\/www.athleticclubraedersheim.fr\/?page_id=105#primaryimage"},"thumbnailUrl":"https:\/\/www.athleticclubraedersheim.fr\/wp-content\/uploads\/2022\/07\/20210701_181303-1-scaled.jpg","datePublished":"2022-07-06T14:37:24+00:00","dateModified":"2022-09-20T18:34:07+00:00","description":"Utilisez le formulaire d'inscription pour choisir votre licence et vous inscrire au club d'athl\u00e9tisme de Raedersheim","breadcrumb":{"@id":"https:\/\/www.athleticclubraedersheim.fr\/?page_id=105#breadcrumb"},"inLanguage":"fr-FR","potentialAction":[{"@type":"ReadAction","target":["https:\/\/www.athleticclubraedersheim.fr\/?page_id=105"]}]},{"@type":"ImageObject","inLanguage":"fr-FR","@id":"https:\/\/www.athleticclubraedersheim.fr\/?page_id=105#primaryimage","url":"https:\/\/www.athleticclubraedersheim.fr\/wp-content\/uploads\/2022\/07\/20210701_181303-1-scaled.jpg","contentUrl":"https:\/\/www.athleticclubraedersheim.fr\/wp-content\/uploads\/2022\/07\/20210701_181303-1-scaled.jpg","width":2560,"height":1440,"caption":"jeunes pendant un entrainements d'athl\u00e9tisme"},{"@type":"BreadcrumbList","@id":"https:\/\/www.athleticclubraedersheim.fr\/?page_id=105#breadcrumb","itemListElement":[{"@type":"ListItem","position":1,"name":"Accueil","item":"https:\/\/www.athleticclubraedersheim.fr\/"},{"@type":"ListItem","position":2,"name":"Licence","item":"https:\/\/www.athleticclubraedersheim.fr\/?page_id=54"},{"@type":"ListItem","position":3,"name":"Formulaire d&#8217;inscription"}]},{"@type":"WebSite","@id":"https:\/\/www.athleticclubraedersheim.fr\/#website","url":"https:\/\/www.athleticclubraedersheim.fr\/","name":"Athletic Club Raedersheim","description":"AC Raedersheim ","publisher":{"@id":"https:\/\/www.athleticclubraedersheim.fr\/#organization"},"potentialAction":[{"@type":"SearchAction","target":{"@type":"EntryPoint","urlTemplate":"https:\/\/www.athleticclubraedersheim.fr\/?s={search_term_string}"},"query-input":{"@type":"PropertyValueSpecification","valueRequired":true,"valueName":"search_term_string"}}],"inLanguage":"fr-FR"},{"@type":"Organization","@id":"https:\/\/www.athleticclubraedersheim.fr\/#organization","name":"ACR","url":"https:\/\/www.athleticclubraedersheim.fr\/","logo":{"@type":"ImageObject","inLanguage":"fr-FR","@id":"https:\/\/www.athleticclubraedersheim.fr\/#\/schema\/logo\/image\/","url":"http:\/\/athleticclubraedersheim.fr\/wp-content\/uploads\/2022\/07\/telechargement-2.png","contentUrl":"http:\/\/athleticclubraedersheim.fr\/wp-content\/uploads\/2022\/07\/telechargement-2.png","width":225,"height":225,"caption":"ACR"},"image":{"@id":"https:\/\/www.athleticclubraedersheim.fr\/#\/schema\/logo\/image\/"},"sameAs":["https:\/\/www.facebook.com\/Athltic-Club-de-Raedersheim-ACR-336128767112821\/"]}]}},"_links":{"self":[{"href":"https:\/\/www.athleticclubraedersheim.fr\/index.php?rest_route=\/wp\/v2\/pages\/105","targetHints":{"allow":["GET"]}}],"collection":[{"href":"https:\/\/www.athleticclubraedersheim.fr\/index.php?rest_route=\/wp\/v2\/pages"}],"about":[{"href":"https:\/\/www.athleticclubraedersheim.fr\/index.php?rest_route=\/wp\/v2\/types\/page"}],"author":[{"embeddable":true,"href":"https:\/\/www.athleticclubraedersheim.fr\/index.php?rest_route=\/wp\/v2\/users\/1"}],"replies":[{"embeddable":true,"href":"https:\/\/www.athleticclubraedersheim.fr\/index.php?rest_route=%2Fwp%2Fv2%2Fcomments&post=105"}],"version-history":[{"count":35,"href":"https:\/\/www.athleticclubraedersheim.fr\/index.php?rest_route=\/wp\/v2\/pages\/105\/revisions"}],"predecessor-version":[{"id":758,"href":"https:\/\/www.athleticclubraedersheim.fr\/index.php?rest_route=\/wp\/v2\/pages\/105\/revisions\/758"}],"up":[{"embeddable":true,"href":"https:\/\/www.athleticclubraedersheim.fr\/index.php?rest_route=\/wp\/v2\/pages\/54"}],"wp:featuredmedia":[{"embeddable":true,"href":"https:\/\/www.athleticclubraedersheim.fr\/index.php?rest_route=\/wp\/v2\/media\/306"}],"wp:attachment":[{"href":"https:\/\/www.athleticclubraedersheim.fr\/index.php?rest_route=%2Fwp%2Fv2%2Fmedia&parent=105"}],"curies":[{"name":"wp","href":"https:\/\/api.w.org\/{rel}","templated":true}]}}